{"id":5768,"date":"2016-12-13T12:15:17","date_gmt":"2016-12-13T12:15:17","guid":{"rendered":"http:\/\/www.finisterratopo.com\/site\/mensagem-do-presidente-copy\/"},"modified":"2017-01-03T18:50:31","modified_gmt":"2017-01-03T18:50:31","slug":"historia","status":"publish","type":"page","link":"https:\/\/www.finisterratopo.com\/en\/historia\/","title":{"rendered":"History"},"content":{"rendered":"<section class=\"l-section wpb_row height_medium\"><div class=\"l-section-h i-cf\"><div class=\"g-cols offset_medium\"><div class=\"vc_col-sm-12 wpb_column vc_column_container\"><div class=\"vc_column-inner\"><div class=\"w-separator type_invisible size_medium thick_1 style_solid color_border cont_none\"><span class=\"w-separator-h\"><\/span><\/div><\/div><\/div><\/div><\/div><\/section><section class=\"l-section wpb_row height_medium\"><div class=\"l-section-h i-cf\"><div class=\"g-cols offset_medium\"><div class=\"vc_col-sm-8 wpb_column vc_column_container\"><div class=\"vc_column-inner\"><div class=\"wpb_text_column \"><div class=\"wpb_wrapper\">\n<h3 style=\"color: #e71a27;\">THE ORIGINS<\/h3>\n<p><strong>Finisterra &#8211; Cooperativa de Lactic\u00ednios do Topo, CRL<\/strong> was founded on May 22, 1944, becoming since then a local front line institution in economic, social and cultural terms, taking on the promotion of the cooperative culture within our community.<\/p>\n<p>The founders of this institution were: Germano Jos\u00e9 Gomes, Jos\u00e9 Tomas Nunes, Manuel Silveira Gon\u00e7alves, Ant\u00f3nio Joaquim dos Reis, Manuel Mendon\u00e7a e \u00c1vila, Jo\u00e3o Alves dos Ramos, Guilherme Lu\u00eds de Oliveira, Jo\u00e3o Silveira de Azevedo, Jos\u00e9 Nunes Belo, Manuel C\u00e2ndido de Matos, Victor Bettencourt Brasil, Ant\u00f3nio Joaquim Francisco, Jos\u00e9 Brasil Aguiar and Ant\u00f3nio Silveira Leonardo.<\/p>\n<p>From this group of founding associates was formed the first Board of Directors, which has brought up a generous idea of sharing in a community distant from the main centers, even in S\u00e3o Jorge Island \u2013 especially at the time \u2013 and thus in need of stimulating self-improvement even as an essential way of survival. The chairmen of this house since its foundation were: Germano Jos\u00e9 Gomes, Manuel Mendon\u00e7a e \u00c1vila, Jos\u00e9 Joaquim Borges Jr., Jos\u00e9 Tom\u00e1s Ramos, Jos\u00e9 Tom\u00e1s Nunes, Jos\u00e9 Lu\u00eds Coelho, Manuel dos Santos Silveira, Louren\u00e7o Ventura da Silveira and Jos\u00e9 Leovegildo Sousa Azevedo.<\/p>\n<h3 style=\"color: #e71a27;\">BACKGROUND<\/h3>\n<p><strong>Finisterra &#8211; Cooperativa de Lactic\u00ednios do Topo, CRL<\/strong> has inherited a tradition of associativism  in which it stands out, as far as it is possible to go back in memory, a small private factory located in Lameiro, leased by Manuel Constantino Borba, and that worked without any by-laws and was not legalized.<\/p>\n<p>Meanwhile, our cooperative was constituted in 1944 on the initiative of a group of farmers who hastened to elaborate and approve the by-laws, thus legalizing the entity. At the same time, a private corporation called Nova Alian\u00e7a was operating in Santo Ant\u00e3o, whose owners were: Jos\u00e9 Borges, Amaro Coelho, Manuel Oliveira, Jo\u00e3o Ant\u00f3nio, Manuel Teixeira (from Santa Rosa), Jo\u00e3o da Ponta, Manuel Teixeira, father (from Ribeirinha), Jaime Teixeira and Jaiminho (da Urzelina).<\/p>\n<p>The two entities were merged in 1947 and were joined in the first building of Finisterra \u2013 Cooperativa de Lactic\u00ednios do Topo, CRL, where the Nova Alian\u00e7a operated until then. At the location stands today the Church of Santo Ant\u00e3o.<\/p>\n<h3 style=\"color: #e71a27;\">SIGNIFICANT MOMENTS<\/h3>\n<p>Another significant moment in the life of the cooperative is the decision of the General Meeting, in 1984, of building a new factory in Ribeira das Lix\u00edvias, which was inaugurated on August 15, 1986. As it became outdated in terms of quality and quantity considering the associates dynamics in milk production and bearing in mind the evolution of knowledge, technology and the market demands, the factory had to be replaced, which came to happen after a new resolution of the General Meeting, in 2005, and the new industrial facility was inaugurated on August 5, 2009.<\/p>\n<p>The year of 2003 is very significant in the life of <strong>Finisterra \u2013 Cooperativa de Lactic\u00ednios do Topo, CRL<\/strong>, as it was extinct the archaic system of milk collection based on posts scattered throughout the Topo area, all built before 1958, except the one in Cruzal built that year. The direct milk delivery at the factory, replacing the post collection system, introduces potential gains in quality, which was impossible with the old outdated system..<\/p>\n<h3 style=\"color: #e71a27;\">HEADING TOWARDS THE FUTURE<\/h3>\n<p>With its new industrial unit, <strong>Finisterra \u2013 Cooperativa de Lactic\u00ednios do Topo, CRL<\/strong>, is now equipped with a factory built from scratch, designed with forward-looking spirit and equipped with cutting-edge material specific for the production of raw milk and its transformation into cheese with maximum quality assurance.\n<\/p>\n<p>The new factory was designed to guarantee the generalized production of high quality cheese, capable of not only competing with the Portuguese and European markets, but also with the most demanding and interesting North American market \u2013 not only in the so called \u201cmercado da saudade\u201d (the market of the Azorean emigrants).<\/p>\n<h3 style=\"color: #e71a27;\">THE FOUNDERS OF FINISTERRA<\/h3>\n<\/div> <\/div> <div class=\"w-gallery layout_default cols_6 style_simple link_media animate_revealgrid\"><div class=\"w-gallery-list\"><a class=\"w-gallery-item order_1 animate_reveal\" href=\"https:\/\/www.finisterratopo.com\/wp-content\/uploads\/2016\/12\/GermanoGomes.jpg\" title=\"Germano Jos\u00e9 Gomes\"><div class=\"w-gallery-item-img\"><img loading=\"lazy\" decoding=\"async\" width=\"102\" height=\"152\" src=\"https:\/\/www.finisterratopo.com\/wp-content\/uploads\/2016\/12\/GermanoGomes.jpg\" class=\"attachment-tnail-1x1-small size-tnail-1x1-small\" alt=\"\" \/><\/div><div class=\"w-gallery-item-meta\"><div class=\"w-gallery-item-title\">Germano Jos\u00e9 Gomes<\/div><\/div><\/a><a class=\"w-gallery-item order_2 animate_reveal\" href=\"https:\/\/www.finisterratopo.com\/wp-content\/uploads\/2016\/12\/JoseNunes.jpg\" title=\"Jos\u00e9 Tom\u00e1s Nunes\"><div class=\"w-gallery-item-img\"><img loading=\"lazy\" decoding=\"async\" width=\"102\" height=\"152\" src=\"https:\/\/www.finisterratopo.com\/wp-content\/uploads\/2016\/12\/JoseNunes.jpg\" class=\"attachment-tnail-1x1-small size-tnail-1x1-small\" alt=\"\" \/><\/div><div class=\"w-gallery-item-meta\"><div class=\"w-gallery-item-title\">Jos\u00e9 Tom\u00e1s Nunes<\/div><\/div><\/a><a class=\"w-gallery-item order_3 animate_reveal\" href=\"https:\/\/www.finisterratopo.com\/wp-content\/uploads\/2016\/12\/ManuelGoncalves.jpg\" title=\"Manuel Silveira Gon\u00e7alves\"><div class=\"w-gallery-item-img\"><img loading=\"lazy\" decoding=\"async\" width=\"102\" height=\"152\" src=\"https:\/\/www.finisterratopo.com\/wp-content\/uploads\/2016\/12\/ManuelGoncalves.jpg\" class=\"attachment-tnail-1x1-small size-tnail-1x1-small\" alt=\"\" \/><\/div><div class=\"w-gallery-item-meta\"><div class=\"w-gallery-item-title\">Manuel Silveira Gon\u00e7alves<\/div><\/div><\/a><a class=\"w-gallery-item order_4 animate_reveal\" href=\"https:\/\/www.finisterratopo.com\/wp-content\/uploads\/2016\/12\/AntonioReis.jpg\" title=\"Ant\u00f3nio Joaquim dos Reis\"><div class=\"w-gallery-item-img\"><img loading=\"lazy\" decoding=\"async\" width=\"102\" height=\"152\" src=\"https:\/\/www.finisterratopo.com\/wp-content\/uploads\/2016\/12\/AntonioReis.jpg\" class=\"attachment-tnail-1x1-small size-tnail-1x1-small\" alt=\"\" \/><\/div><div class=\"w-gallery-item-meta\"><div class=\"w-gallery-item-title\">Ant\u00f3nio Joaquim dos Reis<\/div><\/div><\/a><a class=\"w-gallery-item order_5 animate_reveal\" href=\"https:\/\/www.finisterratopo.com\/wp-content\/uploads\/2016\/12\/ManuelAvila.jpg\" title=\"Manuel Mendon\u00e7a e \u00c1vila\"><div class=\"w-gallery-item-img\"><img loading=\"lazy\" decoding=\"async\" width=\"102\" height=\"152\" src=\"https:\/\/www.finisterratopo.com\/wp-content\/uploads\/2016\/12\/ManuelAvila.jpg\" class=\"attachment-tnail-1x1-small size-tnail-1x1-small\" alt=\"\" \/><\/div><div class=\"w-gallery-item-meta\"><div class=\"w-gallery-item-title\">Manuel Mendon\u00e7a e \u00c1vila<\/div><\/div><\/a><a class=\"w-gallery-item order_6 animate_reveal\" href=\"https:\/\/www.finisterratopo.com\/wp-content\/uploads\/2016\/12\/JoaoRamos.jpg\" title=\"Jo\u00e3o Alves dos Ramos\"><div class=\"w-gallery-item-img\"><img loading=\"lazy\" decoding=\"async\" width=\"102\" height=\"152\" src=\"https:\/\/www.finisterratopo.com\/wp-content\/uploads\/2016\/12\/JoaoRamos.jpg\" class=\"attachment-tnail-1x1-small size-tnail-1x1-small\" alt=\"\" \/><\/div><div class=\"w-gallery-item-meta\"><div class=\"w-gallery-item-title\">Jo\u00e3o Alves dos Ramos<\/div><\/div><\/a><a class=\"w-gallery-item order_7 animate_reveal\" href=\"https:\/\/www.finisterratopo.com\/wp-content\/uploads\/2016\/12\/GuilhermeOliveira.jpg\" title=\"Guilherme Lu\u00eds Oliveira\"><div class=\"w-gallery-item-img\"><img loading=\"lazy\" decoding=\"async\" width=\"102\" height=\"152\" src=\"https:\/\/www.finisterratopo.com\/wp-content\/uploads\/2016\/12\/GuilhermeOliveira.jpg\" class=\"attachment-tnail-1x1-small size-tnail-1x1-small\" alt=\"\" \/><\/div><div class=\"w-gallery-item-meta\"><div class=\"w-gallery-item-title\">Guilherme Lu\u00eds Oliveira<\/div><\/div><\/a><a class=\"w-gallery-item order_8 animate_reveal\" href=\"https:\/\/www.finisterratopo.com\/wp-content\/uploads\/2016\/12\/JoaoAzevedo.jpg\" title=\"Jo\u00e3o Silveira de Azevedo\"><div class=\"w-gallery-item-img\"><img loading=\"lazy\" decoding=\"async\" width=\"102\" height=\"152\" src=\"https:\/\/www.finisterratopo.com\/wp-content\/uploads\/2016\/12\/JoaoAzevedo.jpg\" class=\"attachment-tnail-1x1-small size-tnail-1x1-small\" alt=\"\" \/><\/div><div class=\"w-gallery-item-meta\"><div class=\"w-gallery-item-title\">Jo\u00e3o Silveira de Azevedo<\/div><\/div><\/a><a class=\"w-gallery-item order_9 animate_reveal\" href=\"https:\/\/www.finisterratopo.com\/wp-content\/uploads\/2016\/12\/JoseBelo.jpg\" title=\"Jos\u00e9 Nunes Belo\"><div class=\"w-gallery-item-img\"><img loading=\"lazy\" decoding=\"async\" width=\"102\" height=\"152\" src=\"https:\/\/www.finisterratopo.com\/wp-content\/uploads\/2016\/12\/JoseBelo.jpg\" class=\"attachment-tnail-1x1-small size-tnail-1x1-small\" alt=\"\" \/><\/div><div class=\"w-gallery-item-meta\"><div class=\"w-gallery-item-title\">Jos\u00e9 Nunes Belo<\/div><\/div><\/a><a class=\"w-gallery-item order_10 animate_reveal\" href=\"https:\/\/www.finisterratopo.com\/wp-content\/uploads\/2016\/12\/ManuelMatos.jpg\" title=\"Manuel C\u00e2ndido de Matos\"><div class=\"w-gallery-item-img\"><img loading=\"lazy\" decoding=\"async\" width=\"102\" height=\"152\" src=\"https:\/\/www.finisterratopo.com\/wp-content\/uploads\/2016\/12\/ManuelMatos.jpg\" class=\"attachment-tnail-1x1-small size-tnail-1x1-small\" alt=\"\" \/><\/div><div class=\"w-gallery-item-meta\"><div class=\"w-gallery-item-title\">Manuel C\u00e2ndido de Matos<\/div><\/div><\/a><a class=\"w-gallery-item order_11 animate_reveal\" href=\"https:\/\/www.finisterratopo.com\/wp-content\/uploads\/2016\/12\/VictorBrasil.jpg\" title=\"Victor Bettencourt Brasil\"><div class=\"w-gallery-item-img\"><img loading=\"lazy\" decoding=\"async\" width=\"102\" height=\"152\" src=\"https:\/\/www.finisterratopo.com\/wp-content\/uploads\/2016\/12\/VictorBrasil.jpg\" class=\"attachment-tnail-1x1-small size-tnail-1x1-small\" alt=\"\" \/><\/div><div class=\"w-gallery-item-meta\"><div class=\"w-gallery-item-title\">Victor Bettencourt Brasil<\/div><\/div><\/a><a class=\"w-gallery-item order_12 animate_reveal\" href=\"https:\/\/www.finisterratopo.com\/wp-content\/uploads\/2016\/12\/AntonioFrancisco.jpg\" title=\"Ant\u00f3nio Joaquim Francisco\"><div class=\"w-gallery-item-img\"><img loading=\"lazy\" decoding=\"async\" width=\"102\" height=\"152\" src=\"https:\/\/www.finisterratopo.com\/wp-content\/uploads\/2016\/12\/AntonioFrancisco.jpg\" class=\"attachment-tnail-1x1-small size-tnail-1x1-small\" alt=\"\" \/><\/div><div class=\"w-gallery-item-meta\"><div class=\"w-gallery-item-title\">Ant\u00f3nio Joaquim Francisco<\/div><\/div><\/a><a class=\"w-gallery-item order_13 animate_reveal\" href=\"https:\/\/www.finisterratopo.com\/wp-content\/uploads\/2016\/12\/JoseBrasil.jpg\" title=\"Jos\u00e9 Brasil Aguiar\"><div class=\"w-gallery-item-img\"><img loading=\"lazy\" decoding=\"async\" width=\"102\" height=\"152\" src=\"https:\/\/www.finisterratopo.com\/wp-content\/uploads\/2016\/12\/JoseBrasil.jpg\" class=\"attachment-tnail-1x1-small size-tnail-1x1-small\" alt=\"\" \/><\/div><div class=\"w-gallery-item-meta\"><div class=\"w-gallery-item-title\">Jos\u00e9 Brasil Aguiar<\/div><\/div><\/a><a class=\"w-gallery-item order_14 animate_reveal\" href=\"https:\/\/www.finisterratopo.com\/wp-content\/uploads\/2016\/12\/AntonioLeonardes.jpg\" title=\"Ant\u00f3nio Silveira Leonardo\"><div class=\"w-gallery-item-img\"><img loading=\"lazy\" decoding=\"async\" width=\"102\" height=\"152\" src=\"https:\/\/www.finisterratopo.com\/wp-content\/uploads\/2016\/12\/AntonioLeonardes.jpg\" class=\"attachment-tnail-1x1-small size-tnail-1x1-small\" alt=\"\" \/><\/div><div class=\"w-gallery-item-meta\"><div class=\"w-gallery-item-title\">Ant\u00f3nio Silveira Leonardo<\/div><\/div><\/a><\/div><\/div>\n<div class=\"wpb_text_column \"><div class=\"wpb_wrapper\">\n<h3 style=\"color: #e71a27;\">THE CHAIRMEN OF THE BOARD OF FINISTERRA<\/h3>\n<\/div> <\/div> <div class=\"w-gallery layout_default cols_6 style_simple link_media animate_revealgrid\"><div class=\"w-gallery-list\"><a class=\"w-gallery-item order_1 animate_reveal\" href=\"https:\/\/www.finisterratopo.com\/wp-content\/uploads\/2016\/12\/GermanoGomes-1.jpg\" title=\"Germano Gomes\"><div class=\"w-gallery-item-img\"><img loading=\"lazy\" decoding=\"async\" width=\"102\" height=\"152\" src=\"https:\/\/www.finisterratopo.com\/wp-content\/uploads\/2016\/12\/GermanoGomes-1.jpg\" class=\"attachment-tnail-1x1-small size-tnail-1x1-small\" alt=\"\" \/><\/div><div class=\"w-gallery-item-meta\"><div class=\"w-gallery-item-title\">Germano Gomes<\/div><\/div><\/a><a class=\"w-gallery-item order_2 animate_reveal\" href=\"https:\/\/www.finisterratopo.com\/wp-content\/uploads\/2016\/12\/ManuelAvila-1.jpg\" title=\"Manuel Mendon\u00e7a e \u00c1vila\"><div class=\"w-gallery-item-img\"><img loading=\"lazy\" decoding=\"async\" width=\"102\" height=\"152\" src=\"https:\/\/www.finisterratopo.com\/wp-content\/uploads\/2016\/12\/ManuelAvila-1.jpg\" class=\"attachment-tnail-1x1-small size-tnail-1x1-small\" alt=\"\" \/><\/div><div class=\"w-gallery-item-meta\"><div class=\"w-gallery-item-title\">Manuel Mendon\u00e7a e \u00c1vila<\/div><\/div><\/a><a class=\"w-gallery-item order_3 animate_reveal\" href=\"https:\/\/www.finisterratopo.com\/wp-content\/uploads\/2016\/12\/JoseBorges.jpg\" title=\"Jos\u00e9 Joaquim Borges Jr.\"><div class=\"w-gallery-item-img\"><img loading=\"lazy\" decoding=\"async\" width=\"102\" height=\"152\" src=\"https:\/\/www.finisterratopo.com\/wp-content\/uploads\/2016\/12\/JoseBorges.jpg\" class=\"attachment-tnail-1x1-small size-tnail-1x1-small\" alt=\"\" \/><\/div><div class=\"w-gallery-item-meta\"><div class=\"w-gallery-item-title\">Jos\u00e9 Joaquim Borges Jr.<\/div><\/div><\/a><a class=\"w-gallery-item order_4 animate_reveal\" href=\"https:\/\/www.finisterratopo.com\/wp-content\/uploads\/2016\/12\/JoseRamos.jpg\" title=\"Jos\u00e9 Tom\u00e1s Ramos\"><div class=\"w-gallery-item-img\"><img loading=\"lazy\" decoding=\"async\" width=\"102\" height=\"152\" src=\"https:\/\/www.finisterratopo.com\/wp-content\/uploads\/2016\/12\/JoseRamos.jpg\" class=\"attachment-tnail-1x1-small size-tnail-1x1-small\" alt=\"\" \/><\/div><div class=\"w-gallery-item-meta\"><div class=\"w-gallery-item-title\">Jos\u00e9 Tom\u00e1s Ramos<\/div><\/div><\/a><a class=\"w-gallery-item order_5 animate_reveal\" href=\"https:\/\/www.finisterratopo.com\/wp-content\/uploads\/2016\/12\/JoseNunes-1.jpg\" title=\"Jos\u00e9 Tom\u00e1s Nunes\"><div class=\"w-gallery-item-img\"><img loading=\"lazy\" decoding=\"async\" width=\"102\" height=\"152\" src=\"https:\/\/www.finisterratopo.com\/wp-content\/uploads\/2016\/12\/JoseNunes-1.jpg\" class=\"attachment-tnail-1x1-small size-tnail-1x1-small\" alt=\"\" \/><\/div><div class=\"w-gallery-item-meta\"><div class=\"w-gallery-item-title\">Jos\u00e9 Tom\u00e1s Nunes<\/div><\/div><\/a><a class=\"w-gallery-item order_6 animate_reveal\" href=\"https:\/\/www.finisterratopo.com\/wp-content\/uploads\/2016\/12\/JoseCoelho.jpg\" title=\"Jos\u00e9 Lu\u00eds Coelho\"><div class=\"w-gallery-item-img\"><img loading=\"lazy\" decoding=\"async\" width=\"102\" height=\"152\" src=\"https:\/\/www.finisterratopo.com\/wp-content\/uploads\/2016\/12\/JoseCoelho.jpg\" class=\"attachment-tnail-1x1-small size-tnail-1x1-small\" alt=\"\" \/><\/div><div class=\"w-gallery-item-meta\"><div class=\"w-gallery-item-title\">Jos\u00e9 Lu\u00eds Coelho<\/div><\/div><\/a><a class=\"w-gallery-item order_7 animate_reveal\" href=\"https:\/\/www.finisterratopo.com\/wp-content\/uploads\/2016\/12\/ManuelSilveira-e1482195291641.jpg\" title=\"Manuel dos Santos Silveira\"><div class=\"w-gallery-item-img\"><img loading=\"lazy\" decoding=\"async\" width=\"102\" height=\"152\" src=\"https:\/\/www.finisterratopo.com\/wp-content\/uploads\/2016\/12\/ManuelSilveira-e1482195291641.jpg\" class=\"attachment-tnail-1x1-small size-tnail-1x1-small\" alt=\"\" \/><\/div><div class=\"w-gallery-item-meta\"><div class=\"w-gallery-item-title\">Manuel dos Santos Silveira<\/div><\/div><\/a><a class=\"w-gallery-item order_8 animate_reveal\" href=\"https:\/\/www.finisterratopo.com\/wp-content\/uploads\/2016\/12\/LourencoSilveira.jpg\" title=\"Louren\u00e7o Ventura da Silveira\"><div class=\"w-gallery-item-img\"><img loading=\"lazy\" decoding=\"async\" width=\"102\" height=\"152\" src=\"https:\/\/www.finisterratopo.com\/wp-content\/uploads\/2016\/12\/LourencoSilveira.jpg\" class=\"attachment-tnail-1x1-small size-tnail-1x1-small\" alt=\"\" \/><\/div><div class=\"w-gallery-item-meta\"><div class=\"w-gallery-item-title\">Louren\u00e7o Ventura da Silveira<\/div><\/div><\/a><a class=\"w-gallery-item order_9 animate_reveal\" href=\"https:\/\/www.finisterratopo.com\/wp-content\/uploads\/2016\/12\/JoseAzevedo.jpg\" title=\"Jos\u00e9 Leovedildo S. Azevedo\"><div class=\"w-gallery-item-img\"><img loading=\"lazy\" decoding=\"async\" width=\"102\" height=\"152\" src=\"https:\/\/www.finisterratopo.com\/wp-content\/uploads\/2016\/12\/JoseAzevedo.jpg\" class=\"attachment-tnail-1x1-small size-tnail-1x1-small\" alt=\"\" \/><\/div><div class=\"w-gallery-item-meta\"><div class=\"w-gallery-item-title\">Jos\u00e9 Leovedildo S. Azevedo<\/div><\/div><\/a><\/div><\/div>\n<\/div><\/div><div class=\"vc_col-sm-4 wpb_column vc_column_container\"><div class=\"vc_column-inner\"><div class=\"w-gallery layout_default cols_1 with_indents style_simple link_media animate_revealgrid\"><div class=\"w-gallery-list\"><a class=\"w-gallery-item order_1 animate_reveal\" href=\"https:\/\/www.finisterratopo.com\/wp-content\/uploads\/2016\/12\/historia.jpg\" title=\"\"><div class=\"w-gallery-item-img\"><img loading=\"lazy\" decoding=\"async\" width=\"200\" height=\"152\" src=\"https:\/\/www.finisterratopo.com\/wp-content\/uploads\/2016\/12\/historia.jpg\" class=\"attachment-tnail-1x1 size-tnail-1x1\" alt=\"\" \/><\/div><\/a><a class=\"w-gallery-item order_2 animate_reveal\" href=\"https:\/\/www.finisterratopo.com\/wp-content\/uploads\/2016\/12\/historia_01.jpg\" title=\"\"><div class=\"w-gallery-item-img\"><img loading=\"lazy\" decoding=\"async\" width=\"200\" height=\"152\" src=\"https:\/\/www.finisterratopo.com\/wp-content\/uploads\/2016\/12\/historia_01.jpg\" class=\"attachment-tnail-1x1 size-tnail-1x1\" alt=\"\" \/><\/div><\/a><a class=\"w-gallery-item order_3 animate_reveal\" href=\"https:\/\/www.finisterratopo.com\/wp-content\/uploads\/2016\/12\/historia_02.jpg\" title=\"\"><div class=\"w-gallery-item-img\"><img loading=\"lazy\" decoding=\"async\" width=\"200\" height=\"152\" src=\"https:\/\/www.finisterratopo.com\/wp-content\/uploads\/2016\/12\/historia_02.jpg\" class=\"attachment-tnail-1x1 size-tnail-1x1\" alt=\"\" \/><\/div><\/a><\/div><\/div>\n<\/div><\/div><\/div><\/div><\/section><section class=\"l-section wpb_row height_medium\"><div class=\"l-section-h i-cf\"><div class=\"g-cols offset_medium\"><div class=\"vc_col-sm-12 wpb_column vc_column_container\"><div class=\"vc_column-inner\"><div class=\"w-separator type_invisible size_medium thick_1 style_solid color_border cont_none\"><span class=\"w-separator-h\"><\/span><\/div>[vc_widget_sidebar sidebar_id=&#8221;footer_first&#8221;]<\/div><\/div><\/div><\/div><\/section>\n","protected":false},"excerpt":{"rendered":"{:pt} AS ORIGENS A Finisterra - Cooperativa de Lactic\u00ednios do Topo, CRL foi fundada a 22 de Maio de 1944, constituindo-se desde ent\u00e3o como uma institui\u00e7\u00e3o de primeira linha local em termos econ\u00f3micos, mas tamb\u00e9m sociais e at\u00e9 culturais, assumindo...","protected":false},"author":1,"featured_media":0,"parent":0,"menu_order":0,"comment_status":"closed","ping_status":"closed","template":"","meta":{"footnotes":""},"class_list":["post-5768","page","type-page","status-publish","hentry"],"translation":{"provider":"WPGlobus","version":"3.0.0","language":"en","enabled_languages":["pt","en"],"languages":{"pt":{"title":true,"content":true,"excerpt":false},"en":{"title":true,"content":true,"excerpt":false}}},"_links":{"self":[{"href":"https:\/\/www.finisterratopo.com\/en\/wp-json\/wp\/v2\/pages\/5768","targetHints":{"allow":["GET"]}}],"collection":[{"href":"https:\/\/www.finisterratopo.com\/en\/wp-json\/wp\/v2\/pages"}],"about":[{"href":"https:\/\/www.finisterratopo.com\/en\/wp-json\/wp\/v2\/types\/page"}],"author":[{"embeddable":true,"href":"https:\/\/www.finisterratopo.com\/en\/wp-json\/wp\/v2\/users\/1"}],"replies":[{"embeddable":true,"href":"https:\/\/www.finisterratopo.com\/en\/wp-json\/wp\/v2\/comments?post=5768"}],"version-history":[{"count":16,"href":"https:\/\/www.finisterratopo.com\/en\/wp-json\/wp\/v2\/pages\/5768\/revisions"}],"predecessor-version":[{"id":6064,"href":"https:\/\/www.finisterratopo.com\/en\/wp-json\/wp\/v2\/pages\/5768\/revisions\/6064"}],"wp:attachment":[{"href":"https:\/\/www.finisterratopo.com\/en\/wp-json\/wp\/v2\/media?parent=5768"}],"curies":[{"name":"wp","href":"https:\/\/api.w.org\/{rel}","templated":true}]}}