{"id":5789,"date":"2016-12-13T14:04:04","date_gmt":"2016-12-13T14:04:04","guid":{"rendered":"http:\/\/www.finisterratopo.com\/site\/orgaos-sociais-copy\/"},"modified":"2024-01-23T11:22:37","modified_gmt":"2024-01-23T11:22:37","slug":"organigrama","status":"publish","type":"page","link":"https:\/\/www.finisterratopo.com\/en\/organigrama\/","title":{"rendered":"Organigrama"},"content":{"rendered":"<section class=\"l-section wpb_row height_medium\"><div class=\"l-section-h i-cf\"><div class=\"g-cols offset_medium\"><div class=\"vc_col-sm-12 wpb_column vc_column_container\"><div class=\"vc_column-inner\"><div class=\"w-separator type_invisible size_medium thick_1 style_solid color_border cont_none\"><span class=\"w-separator-h\"><\/span><\/div><div class=\"wpb_text_column \"><div class=\"wpb_wrapper\">\n<p style=\"text-align: center;\"><img loading=\"lazy\" decoding=\"async\" class=\"alignnone size-full wp-image-6036 aligncenter\" src=\"http:\/\/www.finisterratopo.com\/wp-content\/uploads\/2019\/01\/organigrama_en-4.png\" alt=\"organigrama\" width=\"966\" height=\"887\" \/><br \/>\nIn order to achieve its objectives, Finisterra has services organized in Online Management and administrative, financial and consulting services, such as staff members of the Cooperative Manager, who performs the functions of General Director, according to the organization chart presented above.<\/p>\n<\/div> <\/div> <div class=\"w-separator type_invisible size_medium thick_1 style_solid color_border cont_none\"><span class=\"w-separator-h\"><\/span><\/div>[vc_widget_sidebar sidebar_id=&#8221;footer_first&#8221;]<\/div><\/div><\/div><\/div><\/section>\n","protected":false},"excerpt":{"rendered":"{:pt} Para a prossecu\u00e7\u00e3o dos seus objectivos, a Finisterra disp\u00f5e de servi\u00e7os organizados em Dire\u00e7\u00e3o em linha e servi\u00e7os administrativos, financeiros e consultoria, como \u00f3rg\u00e3os de staff do Gestor\u00a0 Cooperativo, que desempenha fun\u00e7\u00f5es de Diretor Geral, conforme organigrama acima apresentado....","protected":false},"author":1,"featured_media":0,"parent":0,"menu_order":0,"comment_status":"closed","ping_status":"closed","template":"","meta":{"footnotes":""},"class_list":["post-5789","page","type-page","status-publish","hentry"],"translation":{"provider":"WPGlobus","version":"3.0.0","language":"en","enabled_languages":["pt","en"],"languages":{"pt":{"title":true,"content":true,"excerpt":false},"en":{"title":false,"content":true,"excerpt":false}}},"_links":{"self":[{"href":"https:\/\/www.finisterratopo.com\/en\/wp-json\/wp\/v2\/pages\/5789","targetHints":{"allow":["GET"]}}],"collection":[{"href":"https:\/\/www.finisterratopo.com\/en\/wp-json\/wp\/v2\/pages"}],"about":[{"href":"https:\/\/www.finisterratopo.com\/en\/wp-json\/wp\/v2\/types\/page"}],"author":[{"embeddable":true,"href":"https:\/\/www.finisterratopo.com\/en\/wp-json\/wp\/v2\/users\/1"}],"replies":[{"embeddable":true,"href":"https:\/\/www.finisterratopo.com\/en\/wp-json\/wp\/v2\/comments?post=5789"}],"version-history":[{"count":28,"href":"https:\/\/www.finisterratopo.com\/en\/wp-json\/wp\/v2\/pages\/5789\/revisions"}],"predecessor-version":[{"id":6337,"href":"https:\/\/www.finisterratopo.com\/en\/wp-json\/wp\/v2\/pages\/5789\/revisions\/6337"}],"wp:attachment":[{"href":"https:\/\/www.finisterratopo.com\/en\/wp-json\/wp\/v2\/media?parent=5789"}],"curies":[{"name":"wp","href":"https:\/\/api.w.org\/{rel}","templated":true}]}}