{"id":5859,"date":"2016-12-13T15:41:37","date_gmt":"2016-12-13T15:41:37","guid":{"rendered":"http:\/\/www.finisterratopo.com\/site\/orgaos-sociais-copy\/"},"modified":"2017-01-05T15:02:29","modified_gmt":"2017-01-05T15:02:29","slug":"links","status":"publish","type":"page","link":"https:\/\/www.finisterratopo.com\/en\/links\/","title":{"rendered":"Links"},"content":{"rendered":"<section class=\"l-section wpb_row height_medium\"><div class=\"l-section-h i-cf\"><div class=\"g-cols offset_medium\"><div class=\"vc_col-sm-12 wpb_column vc_column_container\"><div class=\"vc_column-inner\"><div class=\"wpb_text_column \"><div class=\"wpb_wrapper\">\n<ul>\n<li><a href=\"http:\/\/www.azores.gov.pt\" target=\"_blank\">Portal do Governo dos A\u00e7ores<\/a><br \/>\n<span style=\"color:#666;font-size:.9rem\">(Web portal of the Regional Government of the Azores)<\/span><\/li>\n<li><a href=\"http:\/\/www.azores.gov.pt\/Portal\/pt\/entidades\/sraf\" target=\"_blank\">Secretaria Regional da Agricultura e Florestas<\/a><br \/>\n<span style=\"color:#666;font-size:.9rem\">(Regional Secretariat of Agriculture and Fisherie)<\/span><\/li>\n<li><a href=\"http:\/\/www.azores.gov.pt\/Portal\/pt\/entidades\/sraf-drdr\/\" target=\"_blank\">Dire\u00e7\u00e3o Regional do Desenvolvimento Rural<\/a><br \/>\n<span style=\"color:#666;font-size:.9rem\">(Regional Directorate of Rural Development)<\/span><\/li>\n<li><a href=\"http:\/\/www.azores.gov.pt\/JO\" target=\"_blank\">Jornal Oficial da Regi\u00e3o Aut\u00f3noma dos A\u00e7ores<\/a><br \/>\n<span style=\"color:#666;font-size:.9rem\">(Official Newspaper of the Autonomous Region of the Azores)<\/span><\/li>\n<li><a href=\"http:\/\/www.cm-calheta.pt\" target=\"_blank\">C\u00e2mara Municipal da Calheta<\/a><br \/>\n<span style=\"color:#666;font-size:.9rem\">(City Hall of Calheta)<\/span><\/li>\n<li><a href=\"http:\/\/www.cm-calheta.pt\/juntas-de-freguesia\/santo-antao\/\" target=\"_blank\">Junta de Freguesia do Santo Ant\u00e3o<\/a><br \/>\n<span style=\"color:#666;font-size:.9rem\">(Parish Council of Santo Ant\u00e3o)<\/span><\/li>\n<li><a href=\"http:\/\/www.juntaftopo.pt\/\" target=\"_blank\">Junta de Freguesia do Topo<\/a><br \/>\n<span style=\"color:#666;font-size:.9rem\">(Parish Council of Topo)<\/span><\/li>\n<li><a href=\"https:\/\/matadouros.azores.gov.pt\/\" target=\"_blank\">IAMA &#8211; Instituto de Alimenta\u00e7\u00e3o e Mercados Agr\u00edcolas<\/a><br \/>\n<span style=\"color:#666;font-size:.9rem\">(Food and Agricultural Markets Institute)<\/span><\/li>\n<li><a href=\"http:\/\/www.azores.gov.pt\/Gra\/srrn-iroa\" target=\"_blank\">IROA &#8211; Sociedade an\u00f3nima para o desenvolvimento dos A\u00e7ores promovendo a agricultura<\/a><br \/>\n<span style=\"color:#666;font-size:.9rem\">(Public limited company for the development of the Azores by promoting agriculture)<\/span><\/li>\n<li><a href=\"http:\/\/www.lactacores.pt\" target=\"_blank\">LactA\u00e7ores &#8211; Uni\u00e3o das Cooperativas de Lactic\u00ednios dos A\u00e7ores, UCRL<\/a><br \/>\n<span style=\"color:#666;font-size:.9rem\">(Union of Dairy Cooperatives of the Azores)<\/span><\/li>\n<li><a href=\"http:\/\/www.anilact.pt\" target=\"_blank\">Anilact &#8211; Associa\u00e7\u00e3o Nacional dos Industriais de Lactic\u00ednios<\/a><br \/>\n<span style=\"color:#666;font-size:.9rem\">(Dairy Producers National Association)<\/span><\/li>\n<\/ul>\n<\/div> <\/div> <div class=\"w-separator type_invisible size_medium thick_1 style_solid color_border cont_none\"><span class=\"w-separator-h\"><\/span><\/div>[vc_widget_sidebar sidebar_id=&#8221;footer_first&#8221;]<\/div><\/div><\/div><\/div><\/section>\n","protected":false},"excerpt":{"rendered":"{:pt} Portal do Governo dos A\u00e7ores Secretaria Regional da Agricultura e Florestas Dire\u00e7\u00e3o Regional do Desenvolvimento Rural Jornal Oficial da Regi\u00e3o Aut\u00f3noma dos A\u00e7ores C\u00e2mara Municipal da Calheta Junta de Freguesia do Santo Ant\u00e3o Junta de Freguesia do Topo IAMA...","protected":false},"author":1,"featured_media":0,"parent":0,"menu_order":0,"comment_status":"closed","ping_status":"closed","template":"","meta":{"footnotes":""},"class_list":["post-5859","page","type-page","status-publish","hentry"],"translation":{"provider":"WPGlobus","version":"3.0.0","language":"en","enabled_languages":["pt","en"],"languages":{"pt":{"title":true,"content":true,"excerpt":false},"en":{"title":true,"content":true,"excerpt":false}}},"_links":{"self":[{"href":"https:\/\/www.finisterratopo.com\/en\/wp-json\/wp\/v2\/pages\/5859","targetHints":{"allow":["GET"]}}],"collection":[{"href":"https:\/\/www.finisterratopo.com\/en\/wp-json\/wp\/v2\/pages"}],"about":[{"href":"https:\/\/www.finisterratopo.com\/en\/wp-json\/wp\/v2\/types\/page"}],"author":[{"embeddable":true,"href":"https:\/\/www.finisterratopo.com\/en\/wp-json\/wp\/v2\/users\/1"}],"replies":[{"embeddable":true,"href":"https:\/\/www.finisterratopo.com\/en\/wp-json\/wp\/v2\/comments?post=5859"}],"version-history":[{"count":16,"href":"https:\/\/www.finisterratopo.com\/en\/wp-json\/wp\/v2\/pages\/5859\/revisions"}],"predecessor-version":[{"id":6164,"href":"https:\/\/www.finisterratopo.com\/en\/wp-json\/wp\/v2\/pages\/5859\/revisions\/6164"}],"wp:attachment":[{"href":"https:\/\/www.finisterratopo.com\/en\/wp-json\/wp\/v2\/media?parent=5859"}],"curies":[{"name":"wp","href":"https:\/\/api.w.org\/{rel}","templated":true}]}}