{"id":431,"date":"2025-08-26T13:26:58","date_gmt":"2025-08-26T16:26:58","guid":{"rendered":"https:\/\/www.finisterratopo.com\/?page_id=431"},"modified":"2025-08-27T13:09:34","modified_gmt":"2025-08-27T16:09:34","slug":"mensagem-do-presidente","status":"publish","type":"page","link":"https:\/\/www.finisterratopo.com\/?page_id=431","title":{"rendered":"Mensagem do Presidente"},"content":{"rendered":"\t\t<div data-elementor-type=\"wp-page\" data-elementor-id=\"431\" class=\"elementor elementor-431\" data-elementor-settings=\"[]\">\r\n\t\t\t\t\t\t\t<div class=\"elementor-section-wrap\">\r\n\t\t\t\t\t\t\t<section class=\"elementor-section elementor-top-section elementor-element elementor-element-42bec3c elementor-section-boxed elementor-section-height-default elementor-section-height-default\" data-id=\"42bec3c\" data-element_type=\"section\">\r\n\t\t\t\t\t\t<div class=\"elementor-container elementor-column-gap-default\">\r\n\t\t\t\t\t<div class=\"elementor-column elementor-col-50 elementor-top-column elementor-element elementor-element-d38134a\" data-id=\"d38134a\" data-element_type=\"column\">\r\n\t\t\t<div class=\"elementor-widget-wrap elementor-element-populated\">\r\n\t\t\t\t\t\t\t\t<div class=\"elementor-element elementor-element-1edb711 animated-slow elementor-invisible elementor-widget elementor-widget-heading\" data-id=\"1edb711\" data-element_type=\"widget\" data-settings=\"{&quot;_animation&quot;:&quot;fadeInLeft&quot;}\" data-widget_type=\"heading.default\">\r\n\t\t\t\t<div class=\"elementor-widget-container\">\r\n\t\t\t<h2 class=\"elementor-heading-title elementor-size-default\">Mensagem do Presidente<\/h2>\t\t<\/div>\r\n\t\t\t\t<\/div>\r\n\t\t\t\t<div class=\"elementor-element elementor-element-1497e1b animated-slow elementor-invisible elementor-widget elementor-widget-text-editor\" data-id=\"1497e1b\" data-element_type=\"widget\" data-settings=\"{&quot;_animation&quot;:&quot;fadeInLeft&quot;}\" data-widget_type=\"text-editor.default\">\r\n\t\t\t\t<div class=\"elementor-widget-container\">\r\n\t\t\t\t\t\t\t\t<p>Com o presente s\u00edtio na Internet, a Finisterra \u2013 Cooperativa de Lactic\u00ednios do Topo, CRL d\u00e1 mais um passo no sentido da sua promo\u00e7\u00e3o institucional junto do grande p\u00fablico, dos parceiros do setor, dos clientes e dos seus associados.<\/p><p>Como Presidente do Conselho de Administra\u00e7\u00e3o da Finisterra, procurarei, pelos meios dispon\u00edveis, conferir notabilidade p\u00fablica \u00e0 nossa Cooperativa, por se tratar de uma institui\u00e7\u00e3o da maior import\u00e2ncia para a economia leiteira de S\u00e3o Jorge e em particular da Zona do Topo, onde nos inserimos.<\/p><p>Al\u00e9m de se assumir como motor da economia da Zona do Topo, a Finisterra desempenha tamb\u00e9m um papel do maior relevo enquanto entidade social, na medida em que se constitui como p\u00f3lo agregador de um vasto conjunto de pessoas que formam o corpo vivo da entidade cooperativa.<\/p><p>Investimentos recentes de grande significado, apoiados pela Uni\u00e3o Europeia e pelo Governo dos A\u00e7ores, permitiram \u00e0 Finisterra modernizar a sua estrutura fabril, mantendo-a de acordo com as mais exigentes normas da Uni\u00e3o Europeia para o setor.<\/p><p>A nossa cooperativa coloca no mercado queijos de alta qualidade, produzidos com leite cru, incluindo D\u00d3P-S\u00e3o Jorge e Topo, que s\u00e3o comercializados atrav\u00e9s da Lacta\u00e7ores, entidade acess\u00edvel a partir deste s\u00edtio.<\/p><p>Pretendo que este lugar na internet seja sobretudo uma p\u00e1gina institucional, mas tamb\u00e9m uma porta para \u00a0dar a conhecer a nossa cooperativa, o seu presente, a sua hist\u00f3ria e o seu futuro, al\u00e9m de uma janela sobre a economia leiteira de S\u00e3o Jorge e no geral sobre a nossa ilha e em particular a Zona do Topo, em que nos inserimos.<\/p>\t\t\t\t\t\t<\/div>\r\n\t\t\t\t<\/div>\r\n\t\t\t\t\t<\/div>\r\n\t\t<\/div>\r\n\t\t\t\t<div class=\"elementor-column elementor-col-50 elementor-top-column elementor-element elementor-element-08ae060\" data-id=\"08ae060\" data-element_type=\"column\">\r\n\t\t\t<div class=\"elementor-widget-wrap elementor-element-populated\">\r\n\t\t\t\t\t\t\t\t<div class=\"elementor-element elementor-element-2fa3126 animated-slow elementor-invisible elementor-widget elementor-widget-image\" data-id=\"2fa3126\" data-element_type=\"widget\" data-settings=\"{&quot;_animation&quot;:&quot;fadeInRight&quot;}\" data-widget_type=\"image.default\">\r\n\t\t\t\t<div class=\"elementor-widget-container\">\r\n\t\t\t\t\t\t\t\t\t\t\t\t\t\t\t<img loading=\"lazy\" decoding=\"async\" width=\"109\" height=\"141\" src=\"https:\/\/www.finisterratopo.com\/wp-content\/uploads\/2025\/08\/ccc.jpg\" class=\"attachment-large size-large\" alt=\"\" \/>\t\t\t\t\t\t\t\t\t\t\t\t\t\t\t<\/div>\r\n\t\t\t\t<\/div>\r\n\t\t\t\t<div class=\"elementor-element elementor-element-2769f60 elementor-widget elementor-widget-text-editor\" data-id=\"2769f60\" data-element_type=\"widget\" data-widget_type=\"text-editor.default\">\r\n\t\t\t\t<div class=\"elementor-widget-container\">\r\n\t\t\t\t\t\t\t\t<p><strong>Ant\u00f3nio Aguiar<\/strong><br \/>Presidente do Conselho de Administra\u00e7\u00e3o<\/p>\t\t\t\t\t\t<\/div>\r\n\t\t\t\t<\/div>\r\n\t\t\t\t\t<\/div>\r\n\t\t<\/div>\r\n\t\t\t\t\t\t\t<\/div>\r\n\t\t<\/section>\r\n\t\t\t\t\t\t<\/div>\r\n\t\t\t\t\t<\/div>\r\n\t\t","protected":false},"excerpt":{"rendered":"<p>Mensagem do Presidente Com o presente s\u00edtio na Internet, a Finisterra \u2013 Cooperativa de Lactic\u00ednios do Topo, CRL d\u00e1 mais um passo no sentido da sua promo\u00e7\u00e3o institucional junto do grande p\u00fablico, dos parceiros do setor, dos clientes e dos seus associados. Como Presidente do Conselho de Administra\u00e7\u00e3o da Finisterra, procurarei, pelos meios dispon\u00edveis, conferir [&hellip;]<\/p>\n","protected":false},"author":1,"featured_media":0,"parent":0,"menu_order":0,"comment_status":"closed","ping_status":"closed","template":"","meta":{"footnotes":""},"class_list":["post-431","page","type-page","status-publish","hentry"],"_links":{"self":[{"href":"https:\/\/www.finisterratopo.com\/index.php?rest_route=\/wp\/v2\/pages\/431","targetHints":{"allow":["GET"]}}],"collection":[{"href":"https:\/\/www.finisterratopo.com\/index.php?rest_route=\/wp\/v2\/pages"}],"about":[{"href":"https:\/\/www.finisterratopo.com\/index.php?rest_route=\/wp\/v2\/types\/page"}],"author":[{"embeddable":true,"href":"https:\/\/www.finisterratopo.com\/index.php?rest_route=\/wp\/v2\/users\/1"}],"replies":[{"embeddable":true,"href":"https:\/\/www.finisterratopo.com\/index.php?rest_route=%2Fwp%2Fv2%2Fcomments&post=431"}],"version-history":[{"count":11,"href":"https:\/\/www.finisterratopo.com\/index.php?rest_route=\/wp\/v2\/pages\/431\/revisions"}],"predecessor-version":[{"id":843,"href":"https:\/\/www.finisterratopo.com\/index.php?rest_route=\/wp\/v2\/pages\/431\/revisions\/843"}],"wp:attachment":[{"href":"https:\/\/www.finisterratopo.com\/index.php?rest_route=%2Fwp%2Fv2%2Fmedia&parent=431"}],"curies":[{"name":"wp","href":"https:\/\/api.w.org\/{rel}","templated":true}]}}