{"id":554,"date":"2025-08-26T14:56:00","date_gmt":"2025-08-26T17:56:00","guid":{"rendered":"https:\/\/www.finisterratopo.com\/?page_id=554"},"modified":"2025-08-26T15:00:24","modified_gmt":"2025-08-26T18:00:24","slug":"marcas","status":"publish","type":"page","link":"https:\/\/www.finisterratopo.com\/?page_id=554","title":{"rendered":"Marcas"},"content":{"rendered":"\t\t<div data-elementor-type=\"wp-page\" data-elementor-id=\"554\" class=\"elementor elementor-554\" data-elementor-settings=\"[]\">\r\n\t\t\t\t\t\t\t<div class=\"elementor-section-wrap\">\r\n\t\t\t\t\t\t\t<section class=\"elementor-section elementor-top-section elementor-element elementor-element-1cb313b elementor-section-boxed elementor-section-height-default elementor-section-height-default\" data-id=\"1cb313b\" data-element_type=\"section\">\r\n\t\t\t\t\t\t<div class=\"elementor-container elementor-column-gap-default\">\r\n\t\t\t\t\t<div class=\"elementor-column elementor-col-100 elementor-top-column elementor-element elementor-element-f34c7f6\" data-id=\"f34c7f6\" data-element_type=\"column\">\r\n\t\t\t<div class=\"elementor-widget-wrap elementor-element-populated\">\r\n\t\t\t\t\t\t\t\t<div class=\"elementor-element elementor-element-08b43f9 animated-slow elementor-invisible elementor-widget elementor-widget-heading\" data-id=\"08b43f9\" data-element_type=\"widget\" data-settings=\"{&quot;_animation&quot;:&quot;fadeInRight&quot;}\" data-widget_type=\"heading.default\">\r\n\t\t\t\t<div class=\"elementor-widget-container\">\r\n\t\t\t<h2 class=\"elementor-heading-title elementor-size-default\">Marcas<\/h2>\t\t<\/div>\r\n\t\t\t\t<\/div>\r\n\t\t\t\t<section class=\"elementor-section elementor-inner-section elementor-element elementor-element-5a5ba0e elementor-section-boxed elementor-section-height-default elementor-section-height-default\" data-id=\"5a5ba0e\" data-element_type=\"section\">\r\n\t\t\t\t\t\t<div class=\"elementor-container elementor-column-gap-default\">\r\n\t\t\t\t\t<div class=\"elementor-column elementor-col-50 elementor-inner-column elementor-element elementor-element-d0963df\" data-id=\"d0963df\" data-element_type=\"column\">\r\n\t\t\t<div class=\"elementor-widget-wrap elementor-element-populated\">\r\n\t\t\t\t\t\t\t\t<div class=\"elementor-element elementor-element-2eafcfb elementor-widget elementor-widget-text-editor\" data-id=\"2eafcfb\" data-element_type=\"widget\" data-widget_type=\"text-editor.default\">\r\n\t\t\t\t<div class=\"elementor-widget-container\">\r\n\t\t\t\t\t\t\t\t<p>PROCESSO DE FABRICO DO\u00a0QUEIJO TOPO<\/p>\t\t\t\t\t\t<\/div>\r\n\t\t\t\t<\/div>\r\n\t\t\t\t<div class=\"elementor-element elementor-element-a497079 elementor-widget elementor-widget-text-editor\" data-id=\"a497079\" data-element_type=\"widget\" data-widget_type=\"text-editor.default\">\r\n\t\t\t\t<div class=\"elementor-widget-container\">\r\n\t\t\t\t\t\t\t\t<p>Introduzido o leite em cubas inox, inicia-se o processo de fabrico adicionando lacto-soro (do fabrico anterior como auxiliar de acidifica\u00e7\u00e3o) e coalho animal.<\/p><p>Ap\u00f3s o tempo de coagula\u00e7\u00e3o a coalhada \u00e9 cortada, mecanicamente, em pequenos gr\u00e3os, seguindo-se o seu cozimento, atrav\u00e9s de um processo de aquecimento da cuba.<\/p><p>Passado algum tempo e verificados os par\u00e2metros e aspectos t\u00e9cnicos do produto, procede-se ao dessoramento, que consiste na extrac\u00e7\u00e3o do lacto-soro. Resulta assim uma massa \u00e0 qual se adiciona sal. Completa esta etapa, a massa \u00e9 transferida manualmente para os cinchos que s\u00e3o colocados em prensas para serem submetidos ao processo de prensagem durante dois dias.<\/p><p>Depois de retirados dos cinchos, os queijos s\u00e3o levados para c\u00e2maras de cura, climatizadas, onde permanecem por um per\u00edodo m\u00ednimo de tr\u00eas meses.<\/p>\t\t\t\t\t\t<\/div>\r\n\t\t\t\t<\/div>\r\n\t\t\t\t<div class=\"elementor-element elementor-element-8266201 elementor-widget elementor-widget-image\" data-id=\"8266201\" data-element_type=\"widget\" data-widget_type=\"image.default\">\r\n\t\t\t\t<div class=\"elementor-widget-container\">\r\n\t\t\t\t\t\t\t\t\t\t\t\t\t\t\t<img loading=\"lazy\" decoding=\"async\" width=\"800\" height=\"572\" src=\"https:\/\/www.finisterratopo.com\/wp-content\/uploads\/2025\/08\/tabela-nutricional-1024x732.jpg\" class=\"attachment-large size-large\" alt=\"\" srcset=\"https:\/\/www.finisterratopo.com\/wp-content\/uploads\/2025\/08\/tabela-nutricional-1024x732.jpg 1024w, https:\/\/www.finisterratopo.com\/wp-content\/uploads\/2025\/08\/tabela-nutricional-300x214.jpg 300w, https:\/\/www.finisterratopo.com\/wp-content\/uploads\/2025\/08\/tabela-nutricional-768x549.jpg 768w, https:\/\/www.finisterratopo.com\/wp-content\/uploads\/2025\/08\/tabela-nutricional.jpg 1184w\" sizes=\"auto, (max-width: 800px) 100vw, 800px\" \/>\t\t\t\t\t\t\t\t\t\t\t\t\t\t\t<\/div>\r\n\t\t\t\t<\/div>\r\n\t\t\t\t<div class=\"elementor-element elementor-element-54a1527 elementor-widget elementor-widget-gallery\" data-id=\"54a1527\" data-element_type=\"widget\" data-settings=\"{&quot;columns&quot;:3,&quot;gap&quot;:{&quot;unit&quot;:&quot;px&quot;,&quot;size&quot;:3,&quot;sizes&quot;:[]},&quot;lazyload&quot;:&quot;yes&quot;,&quot;gallery_layout&quot;:&quot;grid&quot;,&quot;columns_tablet&quot;:2,&quot;columns_mobile&quot;:1,&quot;gap_tablet&quot;:{&quot;unit&quot;:&quot;px&quot;,&quot;size&quot;:10,&quot;sizes&quot;:[]},&quot;gap_mobile&quot;:{&quot;unit&quot;:&quot;px&quot;,&quot;size&quot;:10,&quot;sizes&quot;:[]},&quot;link_to&quot;:&quot;file&quot;,&quot;aspect_ratio&quot;:&quot;3:2&quot;,&quot;overlay_background&quot;:&quot;yes&quot;,&quot;content_hover_animation&quot;:&quot;fade-in&quot;}\" data-widget_type=\"gallery.default\">\r\n\t\t\t\t<div class=\"elementor-widget-container\">\r\n\t\t\t\t\t<div class=\"elementor-gallery__container\">\r\n\t\t\t\t\t\t\t<a class=\"e-gallery-item elementor-gallery-item elementor-animated-content\" href=\"https:\/\/www.finisterratopo.com\/wp-content\/uploads\/2025\/08\/marcas1.jpg\" data-elementor-open-lightbox=\"yes\" data-elementor-lightbox-slideshow=\"all-54a1527\" data-elementor-lightbox-title=\"marcas1\">\r\n\t\t\t\t\t<div class=\"e-gallery-image elementor-gallery-item__image\" data-thumbnail=\"https:\/\/www.finisterratopo.com\/wp-content\/uploads\/2025\/08\/marcas1-300x223.jpg\" data-width=\"300\" data-height=\"223\" alt=\"\" ><\/div>\r\n\t\t\t\t\t\t\t\t\t\t<div class=\"elementor-gallery-item__overlay\"><\/div>\r\n\t\t\t\t\t\t\t\t\t\t\t\t\t\t<\/a>\r\n\t\t\t\t\t\t\t<a class=\"e-gallery-item elementor-gallery-item elementor-animated-content\" href=\"https:\/\/www.finisterratopo.com\/wp-content\/uploads\/2025\/08\/marcas2.jpg\" data-elementor-open-lightbox=\"yes\" data-elementor-lightbox-slideshow=\"all-54a1527\" data-elementor-lightbox-title=\"marcas2\">\r\n\t\t\t\t\t<div class=\"e-gallery-image elementor-gallery-item__image\" data-thumbnail=\"https:\/\/www.finisterratopo.com\/wp-content\/uploads\/2025\/08\/marcas2-300x225.jpg\" data-width=\"300\" data-height=\"225\" alt=\"\" ><\/div>\r\n\t\t\t\t\t\t\t\t\t\t<div class=\"elementor-gallery-item__overlay\"><\/div>\r\n\t\t\t\t\t\t\t\t\t\t\t\t\t\t<\/a>\r\n\t\t\t\t\t\t\t<a class=\"e-gallery-item elementor-gallery-item elementor-animated-content\" href=\"https:\/\/www.finisterratopo.com\/wp-content\/uploads\/2025\/08\/marcas3.jpg\" data-elementor-open-lightbox=\"yes\" data-elementor-lightbox-slideshow=\"all-54a1527\" data-elementor-lightbox-title=\"marcas3\">\r\n\t\t\t\t\t<div class=\"e-gallery-image elementor-gallery-item__image\" data-thumbnail=\"https:\/\/www.finisterratopo.com\/wp-content\/uploads\/2025\/08\/marcas3-300x225.jpg\" data-width=\"300\" data-height=\"225\" alt=\"\" ><\/div>\r\n\t\t\t\t\t\t\t\t\t\t<div class=\"elementor-gallery-item__overlay\"><\/div>\r\n\t\t\t\t\t\t\t\t\t\t\t\t\t\t<\/a>\r\n\t\t\t\t\t\t\t<a class=\"e-gallery-item elementor-gallery-item elementor-animated-content\" href=\"https:\/\/www.finisterratopo.com\/wp-content\/uploads\/2025\/08\/MG_4924-scaled.jpg\" data-elementor-open-lightbox=\"yes\" data-elementor-lightbox-slideshow=\"all-54a1527\" data-elementor-lightbox-title=\"MG_4924\">\r\n\t\t\t\t\t<div class=\"e-gallery-image elementor-gallery-item__image\" data-thumbnail=\"https:\/\/www.finisterratopo.com\/wp-content\/uploads\/2025\/08\/MG_4924-300x200.jpg\" data-width=\"300\" data-height=\"200\" alt=\"\" ><\/div>\r\n\t\t\t\t\t\t\t\t\t\t<div class=\"elementor-gallery-item__overlay\"><\/div>\r\n\t\t\t\t\t\t\t\t\t\t\t\t\t\t<\/a>\r\n\t\t\t\t\t\t\t<a class=\"e-gallery-item elementor-gallery-item elementor-animated-content\" href=\"https:\/\/www.finisterratopo.com\/wp-content\/uploads\/2025\/08\/MG_4941-scaled.jpg\" data-elementor-open-lightbox=\"yes\" data-elementor-lightbox-slideshow=\"all-54a1527\" data-elementor-lightbox-title=\"MG_4941\">\r\n\t\t\t\t\t<div class=\"e-gallery-image elementor-gallery-item__image\" data-thumbnail=\"https:\/\/www.finisterratopo.com\/wp-content\/uploads\/2025\/08\/MG_4941-221x300.jpg\" data-width=\"221\" data-height=\"300\" alt=\"\" ><\/div>\r\n\t\t\t\t\t\t\t\t\t\t<div class=\"elementor-gallery-item__overlay\"><\/div>\r\n\t\t\t\t\t\t\t\t\t\t\t\t\t\t<\/a>\r\n\t\t\t\t\t\t\t<a class=\"e-gallery-item elementor-gallery-item elementor-animated-content\" href=\"https:\/\/www.finisterratopo.com\/wp-content\/uploads\/2025\/08\/MG_4947-scaled.jpg\" data-elementor-open-lightbox=\"yes\" data-elementor-lightbox-slideshow=\"all-54a1527\" data-elementor-lightbox-title=\"MG_4947\">\r\n\t\t\t\t\t<div class=\"e-gallery-image elementor-gallery-item__image\" data-thumbnail=\"https:\/\/www.finisterratopo.com\/wp-content\/uploads\/2025\/08\/MG_4947-205x300.jpg\" data-width=\"205\" data-height=\"300\" alt=\"\" ><\/div>\r\n\t\t\t\t\t\t\t\t\t\t<div class=\"elementor-gallery-item__overlay\"><\/div>\r\n\t\t\t\t\t\t\t\t\t\t\t\t\t\t<\/a>\r\n\t\t\t\t\t\t\t<a class=\"e-gallery-item elementor-gallery-item elementor-animated-content\" href=\"https:\/\/www.finisterratopo.com\/wp-content\/uploads\/2025\/08\/MG_4949-scaled.jpg\" data-elementor-open-lightbox=\"yes\" data-elementor-lightbox-slideshow=\"all-54a1527\" data-elementor-lightbox-title=\"MG_4949\">\r\n\t\t\t\t\t<div class=\"e-gallery-image elementor-gallery-item__image\" data-thumbnail=\"https:\/\/www.finisterratopo.com\/wp-content\/uploads\/2025\/08\/MG_4949-223x300.jpg\" data-width=\"223\" data-height=\"300\" alt=\"\" ><\/div>\r\n\t\t\t\t\t\t\t\t\t\t<div class=\"elementor-gallery-item__overlay\"><\/div>\r\n\t\t\t\t\t\t\t\t\t\t\t\t\t\t<\/a>\r\n\t\t\t\t\t\t\t<a class=\"e-gallery-item elementor-gallery-item elementor-animated-content\" href=\"https:\/\/www.finisterratopo.com\/wp-content\/uploads\/2025\/08\/MG_4951-scaled.jpg\" data-elementor-open-lightbox=\"yes\" data-elementor-lightbox-slideshow=\"all-54a1527\" data-elementor-lightbox-title=\"MG_4951\">\r\n\t\t\t\t\t<div class=\"e-gallery-image elementor-gallery-item__image\" data-thumbnail=\"https:\/\/www.finisterratopo.com\/wp-content\/uploads\/2025\/08\/MG_4951-200x300.jpg\" data-width=\"200\" data-height=\"300\" alt=\"\" ><\/div>\r\n\t\t\t\t\t\t\t\t\t\t<div class=\"elementor-gallery-item__overlay\"><\/div>\r\n\t\t\t\t\t\t\t\t\t\t\t\t\t\t<\/a>\r\n\t\t\t\t\t\t\t<a class=\"e-gallery-item elementor-gallery-item elementor-animated-content\" href=\"https:\/\/www.finisterratopo.com\/wp-content\/uploads\/2025\/08\/MG_4952-scaled.jpg\" data-elementor-open-lightbox=\"yes\" data-elementor-lightbox-slideshow=\"all-54a1527\" data-elementor-lightbox-title=\"MG_4952\">\r\n\t\t\t\t\t<div class=\"e-gallery-image elementor-gallery-item__image\" data-thumbnail=\"https:\/\/www.finisterratopo.com\/wp-content\/uploads\/2025\/08\/MG_4952-236x300.jpg\" data-width=\"236\" data-height=\"300\" alt=\"\" ><\/div>\r\n\t\t\t\t\t\t\t\t\t\t<div class=\"elementor-gallery-item__overlay\"><\/div>\r\n\t\t\t\t\t\t\t\t\t\t\t\t\t\t<\/a>\r\n\t\t\t\t\t<\/div>\r\n\t\t\t<\/div>\r\n\t\t\t\t<\/div>\r\n\t\t\t\t\t<\/div>\r\n\t\t<\/div>\r\n\t\t\t\t<div class=\"elementor-column elementor-col-50 elementor-inner-column elementor-element elementor-element-2573bf5\" data-id=\"2573bf5\" data-element_type=\"column\">\r\n\t\t\t<div class=\"elementor-widget-wrap elementor-element-populated\">\r\n\t\t\t\t\t\t\t\t<div class=\"elementor-element elementor-element-777c55a elementor-widget elementor-widget-text-editor\" data-id=\"777c55a\" data-element_type=\"widget\" data-widget_type=\"text-editor.default\">\r\n\t\t\t\t<div class=\"elementor-widget-container\">\r\n\t\t\t\t\t\t\t\t<p>FICHA T\u00c9CNICA PRODUTO<\/p>\t\t\t\t\t\t<\/div>\r\n\t\t\t\t<\/div>\r\n\t\t\t\t<div class=\"elementor-element elementor-element-b0cac59 elementor-widget elementor-widget-text-editor\" data-id=\"b0cac59\" data-element_type=\"widget\" data-widget_type=\"text-editor.default\">\r\n\t\t\t\t<div class=\"elementor-widget-container\">\r\n\t\t\t\t\t\t\t\t<p><strong>Defini\u00e7\u00e3o<br \/><\/strong>\u00c9 um queijo curado, obtido a partir de leite de vaca, inteiro, cr\u00fa, produzido na zona do Topo, na ilha de S\u00e3o Jorge, de pasta semidura, branca amarelada, com pequenos orificios (olhos) irregulares, disseminados na massa consistente.<\/p><p><strong>Caracter\u00edsticas<br \/><\/strong>Queijo de pasta semidura, gordo, com teor de humidade que varia entre 52 e 63% e com um teor m\u00ednimo de mat\u00e9ria gordo de 45%, considerando um per\u00edodo m\u00ednimo de cura de tr\u00eas meses.<\/p><p><strong>Ingredientes<br \/><\/strong>Leite de vaca inteiro e cr\u00fa, lacto-soro, coalho e sal.<\/p><p><strong>Forma<br \/><\/strong>Queijo de forma cil\u00edndrica, com um di\u00e2metro de 31cm e com altura cujas dimens\u00f5es oscilam entre os 15 e os 17cm.<\/p><p><strong>Crosta<br \/><\/strong>Crosta de consist\u00eancia dura, de cor amarelo-palha, com aspecto seco, bem constitu\u00edda e revestida por uma pel\u00edcula antif\u00fangica (vascoplast).<\/p><p><strong>Pasta<br \/><\/strong>De textura consistente, com pequenas orif\u00edcios de tamanho e forma irregular desigualmente repartidas na massa, pasta untuosa, de cor branca amarelada.<\/p><p><strong>Aroma e Sabor<br \/><\/strong>Cheiro agrad\u00e1vel e ligeiramente acentuado, com sabor limpo, apraz\u00edvel e proporcionalmente picante ao tempo de cura.<\/p><p><strong>Peso<br \/><\/strong>Peso vari\u00e1vel entre os 10 e os 12kg.<\/p><p><strong>Matura\u00e7\u00e3o<br \/><\/strong>Levada a efeito em ambiente climatizado, sendo que a temperatura oscila entre os 8 e os 10\u00baC e a humanidade relativa entre os 80 e os 85%. O tempo m\u00ednimo de matura\u00e7\u00e3o \u00e9 de dois meses.<\/p><p><strong>Conserva\u00e7\u00e3o<br \/><\/strong>A temperatura aconselh\u00e1vel para a conserva\u00e7\u00e3o do produto, quer na armazenagem, no transporte ou na venda a retalho situa-se entre os 3 e os 10\u00ba.<\/p><p><strong>Prazo de Validade<br \/><\/strong>As caracter\u00edsticas organol\u00e9pticas evoluem ao longo do tempo de conserva\u00e7\u00e3o, tendo o seu \u00f3ptimo entre os 4 e os 6 meses, devendo ser consumido de prefer\u00eancia at\u00e9 aos 9 meses.<\/p>\t\t\t\t\t\t<\/div>\r\n\t\t\t\t<\/div>\r\n\t\t\t\t\t<\/div>\r\n\t\t<\/div>\r\n\t\t\t\t\t\t\t<\/div>\r\n\t\t<\/section>\r\n\t\t\t\t\t<\/div>\r\n\t\t<\/div>\r\n\t\t\t\t\t\t\t<\/div>\r\n\t\t<\/section>\r\n\t\t\t\t\t\t<\/div>\r\n\t\t\t\t\t<\/div>\r\n\t\t","protected":false},"excerpt":{"rendered":"<p>Marcas PROCESSO DE FABRICO DO\u00a0QUEIJO TOPO Introduzido o leite em cubas inox, inicia-se o processo de fabrico adicionando lacto-soro (do fabrico anterior como auxiliar de acidifica\u00e7\u00e3o) e coalho animal. Ap\u00f3s o tempo de coagula\u00e7\u00e3o a coalhada \u00e9 cortada, mecanicamente, em pequenos gr\u00e3os, seguindo-se o seu cozimento, atrav\u00e9s de um processo de aquecimento da cuba. Passado [&hellip;]<\/p>\n","protected":false},"author":1,"featured_media":0,"parent":0,"menu_order":0,"comment_status":"closed","ping_status":"closed","template":"","meta":{"footnotes":""},"class_list":["post-554","page","type-page","status-publish","hentry"],"_links":{"self":[{"href":"https:\/\/www.finisterratopo.com\/index.php?rest_route=\/wp\/v2\/pages\/554","targetHints":{"allow":["GET"]}}],"collection":[{"href":"https:\/\/www.finisterratopo.com\/index.php?rest_route=\/wp\/v2\/pages"}],"about":[{"href":"https:\/\/www.finisterratopo.com\/index.php?rest_route=\/wp\/v2\/types\/page"}],"author":[{"embeddable":true,"href":"https:\/\/www.finisterratopo.com\/index.php?rest_route=\/wp\/v2\/users\/1"}],"replies":[{"embeddable":true,"href":"https:\/\/www.finisterratopo.com\/index.php?rest_route=%2Fwp%2Fv2%2Fcomments&post=554"}],"version-history":[{"count":7,"href":"https:\/\/www.finisterratopo.com\/index.php?rest_route=\/wp\/v2\/pages\/554\/revisions"}],"predecessor-version":[{"id":571,"href":"https:\/\/www.finisterratopo.com\/index.php?rest_route=\/wp\/v2\/pages\/554\/revisions\/571"}],"wp:attachment":[{"href":"https:\/\/www.finisterratopo.com\/index.php?rest_route=%2Fwp%2Fv2%2Fmedia&parent=554"}],"curies":[{"name":"wp","href":"https:\/\/api.w.org\/{rel}","templated":true}]}}