{"id":691,"date":"2025-08-27T11:13:51","date_gmt":"2025-08-27T14:13:51","guid":{"rendered":"https:\/\/www.finisterratopo.com\/?page_id=691"},"modified":"2025-08-27T13:06:46","modified_gmt":"2025-08-27T16:06:46","slug":"links-2","status":"publish","type":"page","link":"https:\/\/www.finisterratopo.com\/?page_id=691&lang=en","title":{"rendered":"Links &#8211; en"},"content":{"rendered":"\t\t<div data-elementor-type=\"wp-page\" data-elementor-id=\"691\" class=\"elementor elementor-691\" data-elementor-settings=\"[]\">\r\n\t\t\t\t\t\t\t<div class=\"elementor-section-wrap\">\r\n\t\t\t\t\t\t\t<section class=\"elementor-section elementor-top-section elementor-element elementor-element-1cb313b elementor-section-boxed elementor-section-height-default elementor-section-height-default\" data-id=\"1cb313b\" data-element_type=\"section\">\r\n\t\t\t\t\t\t<div class=\"elementor-container elementor-column-gap-default\">\r\n\t\t\t\t\t<div class=\"elementor-column elementor-col-100 elementor-top-column elementor-element elementor-element-f34c7f6\" data-id=\"f34c7f6\" data-element_type=\"column\">\r\n\t\t\t<div class=\"elementor-widget-wrap elementor-element-populated\">\r\n\t\t\t\t\t\t\t\t<div class=\"elementor-element elementor-element-08b43f9 animated-slow elementor-invisible elementor-widget elementor-widget-heading\" data-id=\"08b43f9\" data-element_type=\"widget\" data-settings=\"{&quot;_animation&quot;:&quot;fadeInRight&quot;}\" data-widget_type=\"heading.default\">\r\n\t\t\t\t<div class=\"elementor-widget-container\">\r\n\t\t\t<h2 class=\"elementor-heading-title elementor-size-default\">Links<\/h2>\t\t<\/div>\r\n\t\t\t\t<\/div>\r\n\t\t\t\t<div class=\"elementor-element elementor-element-f5e353a elementor-widget elementor-widget-text-editor\" data-id=\"f5e353a\" data-element_type=\"widget\" data-widget_type=\"text-editor.default\">\r\n\t\t\t\t<div class=\"elementor-widget-container\">\r\n\t\t\t\t\t\t\t\t<p><a href=\"http:\/\/www.azores.gov.pt\/\">Portal do Governo dos A\u00e7ores<\/a><br \/>(Web portal of the Regional Government of the Azores)<br \/><a href=\"http:\/\/www.azores.gov.pt\/Portal\/pt\/entidades\/sraf\">Secretaria Regional da Agricultura e Florestas<\/a><br \/>(Regional Secretariat of Agriculture and Fisherie)<br \/><a href=\"https:\/\/www.azores.gov.pt\/Portal\/pt\/entidades\/sraf-drdr\/\">Dire\u00e7\u00e3o Regional do Desenvolvimento Rural<\/a><br \/>(Regional Directorate of Rural Development)<br \/><a href=\"https:\/\/www.cm-calheta.pt\/\">Aut\u00f3noma dos A\u00e7ores<\/a><br \/>(Official Newspaper of the Autonomous Region of the Azores)<br \/><a href=\"https:\/\/www.cm-calheta.pt\/\">C\u00e2mara Municipal da Calheta<\/a><br \/>(City Hall of Calheta)<br \/><a href=\"https:\/\/matadouros.azores.gov.pt\/\">IAMA \u2013 Instituto de Alimenta\u00e7\u00e3o e Mercados Agr\u00edcolas<\/a><br \/>(Food and Agricultural Markets Institute)<br \/><a href=\"https:\/\/www.lactacores.pt\/pt\/\">LactA\u00e7ores \u2013 Uni\u00e3o das Cooperativas de Lactic\u00ednios dos A\u00e7ores, UCRL<\/a><br \/>(Union of Dairy Cooperatives of the Azores)<br \/><a href=\"https:\/\/www.anilact.pt\/\">Anilact \u2013 Associa\u00e7\u00e3o Nacional dos Industriais de Lactic\u00ednios<\/a><br \/>(Dairy Producers National Association)<\/p>\t\t\t\t\t\t<\/div>\r\n\t\t\t\t<\/div>\r\n\t\t\t\t\t<\/div>\r\n\t\t<\/div>\r\n\t\t\t\t\t\t\t<\/div>\r\n\t\t<\/section>\r\n\t\t\t\t\t\t<\/div>\r\n\t\t\t\t\t<\/div>\r\n\t\t","protected":false},"excerpt":{"rendered":"<p>Links Portal do Governo dos A\u00e7ores(Web portal of the Regional Government of the Azores)Secretaria Regional da Agricultura e Florestas(Regional Secretariat of Agriculture and Fisherie)Dire\u00e7\u00e3o Regional do Desenvolvimento Rural(Regional Directorate of Rural Development)Aut\u00f3noma dos A\u00e7ores(Official Newspaper of the Autonomous Region of the Azores)C\u00e2mara Municipal da Calheta(City Hall of Calheta)IAMA \u2013 Instituto de Alimenta\u00e7\u00e3o e Mercados Agr\u00edcolas(Food [&hellip;]<\/p>\n","protected":false},"author":1,"featured_media":0,"parent":0,"menu_order":0,"comment_status":"closed","ping_status":"closed","template":"","meta":{"footnotes":""},"class_list":["post-691","page","type-page","status-publish","hentry"],"_links":{"self":[{"href":"https:\/\/www.finisterratopo.com\/index.php?rest_route=\/wp\/v2\/pages\/691","targetHints":{"allow":["GET"]}}],"collection":[{"href":"https:\/\/www.finisterratopo.com\/index.php?rest_route=\/wp\/v2\/pages"}],"about":[{"href":"https:\/\/www.finisterratopo.com\/index.php?rest_route=\/wp\/v2\/types\/page"}],"author":[{"embeddable":true,"href":"https:\/\/www.finisterratopo.com\/index.php?rest_route=\/wp\/v2\/users\/1"}],"replies":[{"embeddable":true,"href":"https:\/\/www.finisterratopo.com\/index.php?rest_route=%2Fwp%2Fv2%2Fcomments&post=691"}],"version-history":[{"count":5,"href":"https:\/\/www.finisterratopo.com\/index.php?rest_route=\/wp\/v2\/pages\/691\/revisions"}],"predecessor-version":[{"id":834,"href":"https:\/\/www.finisterratopo.com\/index.php?rest_route=\/wp\/v2\/pages\/691\/revisions\/834"}],"wp:attachment":[{"href":"https:\/\/www.finisterratopo.com\/index.php?rest_route=%2Fwp%2Fv2%2Fmedia&parent=691"}],"curies":[{"name":"wp","href":"https:\/\/api.w.org\/{rel}","templated":true}]}}