{"id":701,"date":"2025-08-27T11:26:34","date_gmt":"2025-08-27T14:26:34","guid":{"rendered":"https:\/\/www.finisterratopo.com\/?page_id=701"},"modified":"2025-08-27T13:14:14","modified_gmt":"2025-08-27T16:14:14","slug":"social-bodies","status":"publish","type":"page","link":"https:\/\/www.finisterratopo.com\/?page_id=701&lang=en","title":{"rendered":"Social Bodies"},"content":{"rendered":"\t\t<div data-elementor-type=\"wp-page\" data-elementor-id=\"701\" class=\"elementor elementor-701\" data-elementor-settings=\"[]\">\r\n\t\t\t\t\t\t\t<div class=\"elementor-section-wrap\">\r\n\t\t\t\t\t\t\t<section class=\"elementor-section elementor-top-section elementor-element elementor-element-f99a213 elementor-section-boxed elementor-section-height-default elementor-section-height-default\" data-id=\"f99a213\" data-element_type=\"section\">\r\n\t\t\t\t\t\t<div class=\"elementor-container elementor-column-gap-default\">\r\n\t\t\t\t\t<div class=\"elementor-column elementor-col-100 elementor-top-column elementor-element elementor-element-c8f41e8\" data-id=\"c8f41e8\" data-element_type=\"column\">\r\n\t\t\t<div class=\"elementor-widget-wrap elementor-element-populated\">\r\n\t\t\t\t\t\t\t\t<div class=\"elementor-element elementor-element-7ef94e7 animated-slow elementor-invisible elementor-widget elementor-widget-heading\" data-id=\"7ef94e7\" data-element_type=\"widget\" data-settings=\"{&quot;_animation&quot;:&quot;fadeInRight&quot;}\" data-widget_type=\"heading.default\">\r\n\t\t\t\t<div class=\"elementor-widget-container\">\r\n\t\t\t<h2 class=\"elementor-heading-title elementor-size-default\">Social Bodies<\/h2>\t\t<\/div>\r\n\t\t\t\t<\/div>\r\n\t\t\t\t<div class=\"elementor-element elementor-element-0e97186 elementor-widget elementor-widget-text-editor\" data-id=\"0e97186\" data-element_type=\"widget\" data-widget_type=\"text-editor.default\">\r\n\t\t\t\t<div class=\"elementor-widget-container\">\r\n\t\t\t\t\t\t\t\t<p>TERM: FOUR-YEAR PERIOD 2018\/2021<\/p>\t\t\t\t\t\t<\/div>\r\n\t\t\t\t<\/div>\r\n\t\t\t\t\t<\/div>\r\n\t\t<\/div>\r\n\t\t\t\t\t\t\t<\/div>\r\n\t\t<\/section>\r\n\t\t\t\t<section class=\"elementor-section elementor-top-section elementor-element elementor-element-ee099d9 elementor-section-boxed elementor-section-height-default elementor-section-height-default\" data-id=\"ee099d9\" data-element_type=\"section\">\r\n\t\t\t\t\t\t<div class=\"elementor-container elementor-column-gap-default\">\r\n\t\t\t\t\t<div class=\"elementor-column elementor-col-33 elementor-top-column elementor-element elementor-element-bece037\" data-id=\"bece037\" data-element_type=\"column\">\r\n\t\t\t<div class=\"elementor-widget-wrap elementor-element-populated\">\r\n\t\t\t\t\t\t\t\t<div class=\"elementor-element elementor-element-a7b7173 elementor-widget elementor-widget-text-editor\" data-id=\"a7b7173\" data-element_type=\"widget\" data-widget_type=\"text-editor.default\">\r\n\t\t\t\t<div class=\"elementor-widget-container\">\r\n\t\t\t\t\t\t\t\t<p>GENERAL ASSEMBLY<\/p>\t\t\t\t\t\t<\/div>\r\n\t\t\t\t<\/div>\r\n\t\t\t\t<div class=\"elementor-element elementor-element-6796145 elementor-widget elementor-widget-text-editor\" data-id=\"6796145\" data-element_type=\"widget\" data-widget_type=\"text-editor.default\">\r\n\t\t\t\t<div class=\"elementor-widget-container\">\r\n\t\t\t\t\t\t\t\t<div class=\"lRu31\" dir=\"ltr\"><span class=\"HwtZe\" lang=\"en\"><span class=\"jCAhz ChMk0b\"><span class=\"ryNqvb\">PRESIDENT: Joaquim Oliveira de Borba VICE PRESIDENT: Carlos Manuel Brasil SECRETARY: Jos\u00e9 Brasil Lopes<\/span><\/span><\/span><div class=\"OvtS8d\">\u00a0<\/div><div class=\"NQSJo\">\u00a0<\/div><\/div><div class=\"UdTY9 WdefRb\" aria-hidden=\"true\" data-location=\"2\">\u00a0<\/div>\t\t\t\t\t\t<\/div>\r\n\t\t\t\t<\/div>\r\n\t\t\t\t\t<\/div>\r\n\t\t<\/div>\r\n\t\t\t\t<div class=\"elementor-column elementor-col-33 elementor-top-column elementor-element elementor-element-71d0104\" data-id=\"71d0104\" data-element_type=\"column\">\r\n\t\t\t<div class=\"elementor-widget-wrap elementor-element-populated\">\r\n\t\t\t\t\t\t\t\t<div class=\"elementor-element elementor-element-6ef7525 elementor-widget elementor-widget-text-editor\" data-id=\"6ef7525\" data-element_type=\"widget\" data-widget_type=\"text-editor.default\">\r\n\t\t\t\t<div class=\"elementor-widget-container\">\r\n\t\t\t\t\t\t\t\t<p>BOARD OF DIRECTORS<\/p>\t\t\t\t\t\t<\/div>\r\n\t\t\t\t<\/div>\r\n\t\t\t\t<div class=\"elementor-element elementor-element-e629391 elementor-widget elementor-widget-text-editor\" data-id=\"e629391\" data-element_type=\"widget\" data-widget_type=\"text-editor.default\">\r\n\t\t\t\t<div class=\"elementor-widget-container\">\r\n\t\t\t\t\t\t\t\t<p>PRESIDENT: Ant\u00f4nio Aguiar VICE-PRESIDENT: Alfredo Brasil Cardoso MEMBER: Carlos Alberto Cabral ALTERNATE: Ant\u00f4nio Manuel Brasil Azevedo Jos\u00e9 Duarte Bettencourt Matias<\/p>\t\t\t\t\t\t<\/div>\r\n\t\t\t\t<\/div>\r\n\t\t\t\t\t<\/div>\r\n\t\t<\/div>\r\n\t\t\t\t<div class=\"elementor-column elementor-col-33 elementor-top-column elementor-element elementor-element-c764ca1\" data-id=\"c764ca1\" data-element_type=\"column\">\r\n\t\t\t<div class=\"elementor-widget-wrap elementor-element-populated\">\r\n\t\t\t\t\t\t\t\t<div class=\"elementor-element elementor-element-75d285e elementor-widget elementor-widget-text-editor\" data-id=\"75d285e\" data-element_type=\"widget\" data-widget_type=\"text-editor.default\">\r\n\t\t\t\t<div class=\"elementor-widget-container\">\r\n\t\t\t\t\t\t\t\t<p>BOARD OF DIRECTORS<\/p>\t\t\t\t\t\t<\/div>\r\n\t\t\t\t<\/div>\r\n\t\t\t\t<div class=\"elementor-element elementor-element-f1d5bea elementor-widget elementor-widget-text-editor\" data-id=\"f1d5bea\" data-element_type=\"widget\" data-widget_type=\"text-editor.default\">\r\n\t\t\t\t<div class=\"elementor-widget-container\">\r\n\t\t\t\t\t\t\t\t<p>PRESIDENT: Jos\u00e9 Manuel Azevedo Brasil MEMBERS: Luis Manuel Brasil Bettencourt Heduino Manuel Brasil Azevedo ALTERNATES: Ernesto Manuel Borges Brasil Paulo Maximino Brasil Correia<\/p>\t\t\t\t\t\t<\/div>\r\n\t\t\t\t<\/div>\r\n\t\t\t\t\t<\/div>\r\n\t\t<\/div>\r\n\t\t\t\t\t\t\t<\/div>\r\n\t\t<\/section>\r\n\t\t\t\t\t\t<\/div>\r\n\t\t\t\t\t<\/div>\r\n\t\t","protected":false},"excerpt":{"rendered":"<p>Social Bodies TERM: FOUR-YEAR PERIOD 2018\/2021 GENERAL ASSEMBLY PRESIDENT: Joaquim Oliveira de Borba VICE PRESIDENT: Carlos Manuel Brasil SECRETARY: Jos\u00e9 Brasil Lopes\u00a0\u00a0\u00a0 BOARD OF DIRECTORS PRESIDENT: Ant\u00f4nio Aguiar VICE-PRESIDENT: Alfredo Brasil Cardoso MEMBER: Carlos Alberto Cabral ALTERNATE: Ant\u00f4nio Manuel Brasil Azevedo Jos\u00e9 Duarte Bettencourt Matias BOARD OF DIRECTORS PRESIDENT: Jos\u00e9 Manuel Azevedo Brasil MEMBERS: Luis [&hellip;]<\/p>\n","protected":false},"author":1,"featured_media":0,"parent":0,"menu_order":0,"comment_status":"closed","ping_status":"closed","template":"","meta":{"footnotes":""},"class_list":["post-701","page","type-page","status-publish","hentry"],"_links":{"self":[{"href":"https:\/\/www.finisterratopo.com\/index.php?rest_route=\/wp\/v2\/pages\/701","targetHints":{"allow":["GET"]}}],"collection":[{"href":"https:\/\/www.finisterratopo.com\/index.php?rest_route=\/wp\/v2\/pages"}],"about":[{"href":"https:\/\/www.finisterratopo.com\/index.php?rest_route=\/wp\/v2\/types\/page"}],"author":[{"embeddable":true,"href":"https:\/\/www.finisterratopo.com\/index.php?rest_route=\/wp\/v2\/users\/1"}],"replies":[{"embeddable":true,"href":"https:\/\/www.finisterratopo.com\/index.php?rest_route=%2Fwp%2Fv2%2Fcomments&post=701"}],"version-history":[{"count":4,"href":"https:\/\/www.finisterratopo.com\/index.php?rest_route=\/wp\/v2\/pages\/701\/revisions"}],"predecessor-version":[{"id":852,"href":"https:\/\/www.finisterratopo.com\/index.php?rest_route=\/wp\/v2\/pages\/701\/revisions\/852"}],"wp:attachment":[{"href":"https:\/\/www.finisterratopo.com\/index.php?rest_route=%2Fwp%2Fv2%2Fmedia&parent=701"}],"curies":[{"name":"wp","href":"https:\/\/api.w.org\/{rel}","templated":true}]}}